{"id":12,"date":"2015-12-21T14:52:52","date_gmt":"2015-12-21T13:52:52","guid":{"rendered":"http:\/\/laturbineagraines.net\/?page_id=12"},"modified":"2019-05-02T12:12:27","modified_gmt":"2019-05-02T11:12:27","slug":"accompagnement-et-intervention","status":"publish","type":"page","link":"https:\/\/laturbineagraines.net\/index.php\/accompagnement-et-intervention\/","title":{"rendered":"L&rsquo;accompagnement"},"content":{"rendered":"<p align=\"JUSTIFY\">La Turbine \u00e0 Graines c\u2019est aussi de <strong>l\u2019accompagnement \u00e0 destination de collectifs, associations, collectivit\u00e9s, syndicats&#8230;<\/strong><\/p>\n<p align=\"JUSTIFY\">L\u2019accompagnement ouvre la possibilit\u00e9 d\u2019un \u00ab\u00a0pas de c\u00f4t\u00e9\u00a0\u00bb pour penser ses pratiques, la mani\u00e8re dont on fonctionne collectivement et les finalit\u00e9s qui sous tendent nos actions. Il permet aussi de mieux se projeter collectivement et envisager des chantiers de transformation. Que vous soyez un \u00e9tablissement m\u00e9dicosocial qui veut retravailler ses postures et pratiques d\u2019accompagnement, une association qui veut repenser son fonctionnement interne, une collectivit\u00e9 dans une d\u00e9marche de participation avec les habitant-e-, un collectif d\u2019agriculteurs-trices qui veut faire \u00e9voluer ses mani\u00e8res de travailler, nous pouvons vous accompagner sur une journ\u00e9e le temps d\u2019un s\u00e9minaire, ou au long cours sur plusieurs mois.<\/p>\n<p align=\"JUSTIFY\">Nous intervenons dans une posture de tiers pour mettre en mouvement le collectif en s\u2019appuyant sur des m\u00e9thodes actives et coop\u00e9ratives. Parce que chacun-e est expert-e de sa propre situation, nous n&rsquo;arrivons pas avec des solutions cl\u00e9 en main, au contraire, nous cheminons avec chaque groupe pour qu\u2019il puisse trouver ses propres solutions, tout en allant bousculer, \u00ab\u00a0d\u00e9ranger\u00a0\u00bb \u00e0 certains endroits pour emmener le collectif \u00e0 sortir de ses routines et susciter la transformation.<\/p>\n<p align=\"JUSTIFY\">Ce qui nous importe c\u2019est de construire de l\u2019\u00e9galit\u00e9 concr\u00e8te, lib\u00e9rer les imaginaires pour ouvrir le champ des possibles, et que chaque groupe et chaque personne se construise et s&rsquo;exprime dans sa singularit\u00e9, et puisse \u00e0 l\u2019issu du processus poser des pas concrets qui les rapprochent de son utopie.<\/p>\n<p align=\"JUSTIFY\">Chaque temps de l\u2019accompagnement est anim\u00e9 par deux animateur-trices, ce qui favorise la prise de recul, la finesse de l\u2019analyse et la richesse du r\u00e9pertoire d\u2019interventions.<\/p>\n<p align=\"JUSTIFY\">[highlight color=\u00a0\u00bbcolor here\u00a0\u00bb] <strong>Quand tout parait bloqu\u00e9 ou trop br\u00fblant<\/strong>, le r\u00f4le du tiers prend toute son importance pour accompagner l\u2019\u00e9mergence d\u2019une nouvelle forme sociale adapt\u00e9es aux besoins et enjeux que traverse la structure. Nous intervenons dans des situations de crises en nous appuyant sur la <a href=\"https:\/\/laturbineagraines.net\/index.php\/lintervention-en-socianalyse\/\"><strong>m\u00e9thode d\u2019intervention qu\u2019est la socianalyse<\/strong><\/a>.[\/highlight]<\/p>\n<p align=\"JUSTIFY\">Bas\u00e9e sur un travail d\u2019enqu\u00eate et de recherche men\u00e9e par l\u2019ensemble des personnes concern\u00e9es, cette m\u00e9thode d\u2019intervention propose de regarder<strong> l\u2019institution comme mouvement et cr\u00e9ation permanente<\/strong>, et de favoriser des transformations concr\u00e8tes en adaptant les formes sociales aux forces qui la composent. Elle est issue de l\u2019<strong>analyse institutionnelle<\/strong>, branche de la sociologie critique.\u00a0<span style=\"color: #000000;\"><span style=\"font-size: small;\"><br \/>\n<\/span><\/span><b> <\/b><\/p>\n<p align=\"JUSTIFY\"><strong>[box type=\u00a0\u00bbinfo\u00a0\u00bb]<\/strong><\/p>\n<p align=\"JUSTIFY\"><strong>Nous sommes r\u00e9f\u00e9renc\u00e9s dans le cadre du dispositif local d\u2019accompagnement (DLA) en Rh\u00f4ne-Alpes, et en PACA. <\/strong><\/p>\n<p align=\"JUSTIFY\">Le DLA est un dispositif public qui permet \u00e0 des structures employeuses (associations, structures d\u2019insertion par l\u2019activit\u00e9 \u00e9conomique et autres entreprises d\u2019utilit\u00e9 sociale) de b\u00e9n\u00e9ficier d&rsquo;un accompagnement financ\u00e9.<\/p>\n<p align=\"JUSTIFY\"><strong>[\/box]<\/strong><\/p>\n<p><span style=\"text-decoration: underline;\"><a href=\"https:\/\/laturbineagraines.net\/index.php\/focus-2\/\">Focus sur des accompagnements<\/a><\/span><\/p>\n<p><span style=\"text-decoration: underline;\"> <a href=\"https:\/\/laturbineagraines.net\/index.php\/tarifs-et-financements-2\/\">Tarifs et financements des accompagnements<\/a><\/span><\/p>\n","protected":false},"excerpt":{"rendered":"<p>La Turbine \u00e0 Graines c\u2019est aussi de l\u2019accompagnement \u00e0 destination de collectifs, associations, collectivit\u00e9s, syndicats&#8230; L\u2019accompagnement ouvre la possibilit\u00e9 d\u2019un \u00ab\u00a0pas de c\u00f4t\u00e9\u00a0\u00bb pour penser ses pratiques, la mani\u00e8re dont on fonctionne collectivement et les finalit\u00e9s qui sous tendent nos actions. Il permet aussi de mieux se projeter collectivement et envisager des chantiers de transformation. &hellip; <a href=\"https:\/\/laturbineagraines.net\/index.php\/accompagnement-et-intervention\/\" class=\"more-link\">Continuer la lecture de <span class=\"screen-reader-text\">L&rsquo;accompagnement<\/span> <span class=\"meta-nav\">&rarr;<\/span><\/a><\/p>\n","protected":false},"author":3,"featured_media":0,"parent":0,"menu_order":0,"comment_status":"closed","ping_status":"closed","template":"","meta":{"footnotes":""},"class_list":["post-12","page","type-page","status-publish","hentry"],"_links":{"self":[{"href":"https:\/\/laturbineagraines.net\/index.php\/wp-json\/wp\/v2\/pages\/12","targetHints":{"allow":["GET"]}}],"collection":[{"href":"https:\/\/laturbineagraines.net\/index.php\/wp-json\/wp\/v2\/pages"}],"about":[{"href":"https:\/\/laturbineagraines.net\/index.php\/wp-json\/wp\/v2\/types\/page"}],"author":[{"embeddable":true,"href":"https:\/\/laturbineagraines.net\/index.php\/wp-json\/wp\/v2\/users\/3"}],"replies":[{"embeddable":true,"href":"https:\/\/laturbineagraines.net\/index.php\/wp-json\/wp\/v2\/comments?post=12"}],"version-history":[{"count":23,"href":"https:\/\/laturbineagraines.net\/index.php\/wp-json\/wp\/v2\/pages\/12\/revisions"}],"predecessor-version":[{"id":841,"href":"https:\/\/laturbineagraines.net\/index.php\/wp-json\/wp\/v2\/pages\/12\/revisions\/841"}],"wp:attachment":[{"href":"https:\/\/laturbineagraines.net\/index.php\/wp-json\/wp\/v2\/media?parent=12"}],"curies":[{"name":"wp","href":"https:\/\/api.w.org\/{rel}","templated":true}]}}