{"id":1240,"date":"2021-09-03T10:33:24","date_gmt":"2021-09-03T09:33:24","guid":{"rendered":"http:\/\/laturbineagraines.net\/?page_id=1240"},"modified":"2021-11-17T11:08:54","modified_gmt":"2021-11-17T10:08:54","slug":"poetique-en-formation","status":"publish","type":"page","link":"https:\/\/laturbineagraines.net\/index.php\/la-formation-turbine\/poetique-en-formation\/","title":{"rendered":"Productions po\u00e9tiques de formation"},"content":{"rendered":"\n<p>Ici sont rassembl\u00e9es les productions po\u00e9tiques et cr\u00e9atives que les stagiaires ont partag\u00e9s avec nous. <\/p>\n\n\n\n<p>Vous y trouverez p\u00eale-m\u00eale des \u00e9cris individuels po\u00e9tiques suite \u00e0 des moments collectifs de th\u00e9\u00e2tre-image ou autres d\u00e9rives sensibles, mais aussi des productions collectives t\u00e9moignant avec humour et esth\u00e9tique de savoirs partag\u00e9s, r\u00e9colt\u00e9s, ou encore en gestation. <\/p>\n\n\n\n<p>Bonne promenade dans les expressions sensibles de v\u00e9cus collectifs !<\/p>\n\n\n\n<hr class=\"wp-block-separator\"\/>\n\n\n\n<div class=\"wp-block-image\"><figure class=\"aligncenter\"><img loading=\"lazy\" decoding=\"async\" width=\"582\" height=\"828\" src=\"https:\/\/laturbineagraines.net\/wp-content\/uploads\/2021\/09\/cahier-de-vacances-autogestion-pi\u00e8ges-\u00e0-cons-2021.jpg\" alt=\"\" class=\"wp-image-1241\" srcset=\"https:\/\/laturbineagraines.net\/wp-content\/uploads\/2021\/09\/cahier-de-vacances-autogestion-pi\u00e8ges-\u00e0-cons-2021.jpg 582w, https:\/\/laturbineagraines.net\/wp-content\/uploads\/2021\/09\/cahier-de-vacances-autogestion-pi\u00e8ges-\u00e0-cons-2021-211x300.jpg 211w\" sizes=\"auto, (max-width: 582px) 100vw, 582px\" \/><figcaption>http:\/\/T\u00e9l\u00e9chargez ici le cahier complet : <a href=\"https:\/\/laturbineagraines.net\/wp-content\/uploads\/2021\/09\/cahier-de-vacances-autogestion-pi\u00e8ges-\u00e0-cons-2021.pdf\">https:\/\/laturbineagraines.net\/wp-content\/uploads\/2021\/09\/cahier-de-vacances-autogestion-pi\u00e8ges-\u00e0-cons-2021.pdf<\/a><\/figcaption><\/figure><\/div>\n\n\n\n<blockquote class=\"wp-block-quote is-layout-flow wp-block-quote-is-layout-flow\"><p>Le collectif est un arbre.<br>Je suis un arbre : ancr\u00e9e, saisonni\u00e8re, enracin\u00e9e, voguant entre la force te la fragilit\u00e9.<\/p><cite><br><\/cite><\/blockquote>\n\n\n\n<p><em>Cheminement personnel, brouhaha pour\nne pas dire gros bordel,<\/em><\/p>\n\n\n\n<p><em>Rythme ralenti, les mots se posent\npetit \u00e0 petit,<\/em><\/p>\n\n\n\n<p><em>Poumon, travers\u00e9es, renversements,\nforce, respiration,<\/em><\/p>\n\n\n\n<p><em>Un cheminement qui devient\nprogressivement \u00e9vident,<\/em><\/p>\n\n\n\n<p><em>Mais comment le rendre vivant ?<\/em><\/p>\n\n\n\n<p><em>Mouvement, positionnement, regard,\nexpression,<\/em><\/p>\n\n\n\n<p><em>Autant d\u2019\u00e9l\u00e9ments qui vont faire\nvivre mes hal\u00e8tements&#8230; perturbant !<\/em><\/p>\n\n\n\n<p><em>Mise en groupe soulagement presque\nde l&rsquo;ordre de la fissure myst\u00e8re,<\/em><\/p>\n\n\n\n<p><em>Que va t-il y avoir dans l&rsquo;air ?<\/em><\/p>\n\n\n\n<p><em>Observation, chamboulement, joie du\ncadeau qui m&rsquo;est offert,<\/em><\/p>\n\n\n\n<p><em>La beaut\u00e9 s&rsquo;est nich\u00e9e dans ce\nmoment partag\u00e9.<\/em><\/p>\n\n\n\n<p><em>La parole donn\u00e9e touche tellement\nde v\u00e9rit\u00e9s,<\/em><\/p>\n\n\n\n<p><em>Des vibrations humaines qui ne\ncessent de m&rsquo;\u00e9tonner.<\/em><\/p>\n\n\n\n<p><em>Collectif \u00e9ph\u00e9m\u00e8re qui s&rsquo;ancre en\nmoi comme un ch\u00eane vert au d\u00e9but de l&rsquo;hiver,<\/em><\/p>\n\n\n\n<p><em>Prenons le temps de conna\u00eetre et\nc\u00e9l\u00e9brer nos p\u00e9pites int\u00e9rieures,<\/em><\/p>\n\n\n\n<p><em>L&rsquo;agitation du printemps bien \u00e0 tant viendra les mettre en lumi\u00e8re.<\/em><\/p>\n\n\n\n<p><\/p>\n\n\n\n<hr class=\"wp-block-separator\"\/>\n\n\n\n<div class=\"wp-block-image\"><figure class=\"aligncenter\"><img loading=\"lazy\" decoding=\"async\" width=\"366\" height=\"1024\" src=\"https:\/\/laturbineagraines.net\/wp-content\/uploads\/2021\/09\/autogestion-pieges-\u00e0-cons-livret-2020-01-366x1024.jpg\" alt=\"\" class=\"wp-image-1272\" srcset=\"https:\/\/laturbineagraines.net\/wp-content\/uploads\/2021\/09\/autogestion-pieges-\u00e0-cons-livret-2020-01-366x1024.jpg 366w, https:\/\/laturbineagraines.net\/wp-content\/uploads\/2021\/09\/autogestion-pieges-\u00e0-cons-livret-2020-01-107x300.jpg 107w, https:\/\/laturbineagraines.net\/wp-content\/uploads\/2021\/09\/autogestion-pieges-\u00e0-cons-livret-2020-01-768x2147.jpg 768w, https:\/\/laturbineagraines.net\/wp-content\/uploads\/2021\/09\/autogestion-pieges-\u00e0-cons-livret-2020-01-800x2236.jpg 800w, https:\/\/laturbineagraines.net\/wp-content\/uploads\/2021\/09\/autogestion-pieges-\u00e0-cons-livret-2020-01.jpg 1255w\" sizes=\"auto, (max-width: 366px) 100vw, 366px\" \/><figcaption>T\u00e9l\u00e9chargez ici le livret complet de la formation Autogestion : <a href=\"https:\/\/laturbineagraines.net\/wp-content\/uploads\/2021\/09\/autogestion-pieges-\u00e0-cons-livret-2020.pdf\">https:\/\/laturbineagraines.net\/wp-content\/uploads\/2021\/09\/autogestion-pieges-\u00e0-cons-livret-2020.pdf<\/a><\/figcaption><\/figure><\/div>\n\n\n\n<hr class=\"wp-block-separator\"\/>\n\n\n\n<p style=\"text-align:left\">Partage. <\/p>\n\n\n\n<p>Joie. Plaisir d&rsquo;\u00eatre ensemble. D&rsquo;observer, de se laisser porter. Avec. Avec pairs (et m\u00e8res ?!). Dans le respect des propositions de chacune.<br><br>Nous incarnons chacun\u00b7e \u00e0 notre mani\u00e8re, de fa\u00e7on singuli\u00e8re, la question du collectif.<br><br>En \u00e9tant ancr\u00e9e, mais aussi en doute.<br><br>Des bases solides ou a\u00e9riennes.<br><br>S\u00e9rieuses ou joyeuses.<br><br>Un large spectre d&rsquo;\u00e9motions m&rsquo;a travers\u00e9 comme il traverse dans chaque \u00e9tape de sa vie un collectif. Au-del\u00e0 des mots, du verbe, il existe le sensible, la corde ou le fil, fil de soi ou fil de fer&#8230;<br><br>Tirer \u00e0 soi le fil du faire.<br><br>Car de faire, d&rsquo;action, il est aussi question. Au-del\u00e0 des mots et des discours.<br><br>La mise en corps de nos mots, des valeurs qui nous poussent, individuellement, intrins\u00e8quement, au plus profond de nous-m\u00eames, \u00e0 agir.<br><br>Car commencer \u00e0 faire, c&rsquo;est se mettre en mouvement, incarner ce qui nous traverse, au-del\u00e0 des mots et des pens\u00e9es.<br><br>Faire. Il est temps de faire.<br><br>Avec douceur.<\/p>\n\n\n\n<p><\/p>\n\n\n\n<hr class=\"wp-block-separator\"\/>\n\n\n\n<p>Apr\u00e8s cette travers\u00e9e, je me sens&#8230;<\/p>\n\n\n\n<p>\u2026 plein, tout plein  <\/p>\n\n\n\n<p>Et plaine (ou pleine)&nbsp;!<\/p>\n\n\n\n<p>J&rsquo;ai rempli mes poches de graines et\nde vous,<\/p>\n\n\n\n<p>J&rsquo;ai bourr\u00e9 ma capuche et mon sac\naussi<\/p>\n\n\n\n<p>Je suis impatient de me retrouver\nseul avec ces graines de vous<\/p>\n\n\n\n<p>De les regarder, pour les ranger, les\ntrier, les contempler encore<\/p>\n\n\n\n<p>Et les d\u00e9ranger ensuite<\/p>\n\n\n\n<p>Pour mieux les imaginer germer<\/p>\n\n\n\n<p>Avec l&rsquo;envie de les semer et de les\nensoleiller<\/p>\n\n\n\n<p>Je me sens surpris par ce qu&rsquo;elle\nvont devenir, \n<\/p>\n\n\n\n<p>Par ce que je suis <em>devenir<\/em><\/p>\n\n\n\n<p><\/p>\n\n\n\n<hr class=\"wp-block-separator\"\/>\n\n\n\n<figure class=\"wp-block-image\"><img loading=\"lazy\" decoding=\"async\" width=\"720\" height=\"1024\" src=\"https:\/\/laturbineagraines.net\/wp-content\/uploads\/2021\/09\/r\u00e9cit-de-travers\u00e9-1-720x1024.jpg\" alt=\"\" class=\"wp-image-1263\" srcset=\"https:\/\/laturbineagraines.net\/wp-content\/uploads\/2021\/09\/r\u00e9cit-de-travers\u00e9-1-720x1024.jpg 720w, https:\/\/laturbineagraines.net\/wp-content\/uploads\/2021\/09\/r\u00e9cit-de-travers\u00e9-1-211x300.jpg 211w, https:\/\/laturbineagraines.net\/wp-content\/uploads\/2021\/09\/r\u00e9cit-de-travers\u00e9-1-768x1092.jpg 768w, https:\/\/laturbineagraines.net\/wp-content\/uploads\/2021\/09\/r\u00e9cit-de-travers\u00e9-1-800x1138.jpg 800w, https:\/\/laturbineagraines.net\/wp-content\/uploads\/2021\/09\/r\u00e9cit-de-travers\u00e9-1.jpg 831w\" sizes=\"auto, (max-width: 720px) 100vw, 720px\" \/><\/figure>\n\n\n\n<figure class=\"wp-block-image\"><img loading=\"lazy\" decoding=\"async\" width=\"711\" height=\"1024\" src=\"https:\/\/laturbineagraines.net\/wp-content\/uploads\/2021\/09\/r\u00e9cit-de-travers\u00e9-2-711x1024.jpg\" alt=\"\" class=\"wp-image-1264\" srcset=\"https:\/\/laturbineagraines.net\/wp-content\/uploads\/2021\/09\/r\u00e9cit-de-travers\u00e9-2-711x1024.jpg 711w, https:\/\/laturbineagraines.net\/wp-content\/uploads\/2021\/09\/r\u00e9cit-de-travers\u00e9-2-208x300.jpg 208w, https:\/\/laturbineagraines.net\/wp-content\/uploads\/2021\/09\/r\u00e9cit-de-travers\u00e9-2-768x1105.jpg 768w, https:\/\/laturbineagraines.net\/wp-content\/uploads\/2021\/09\/r\u00e9cit-de-travers\u00e9-2-800x1151.jpg 800w, https:\/\/laturbineagraines.net\/wp-content\/uploads\/2021\/09\/r\u00e9cit-de-travers\u00e9-2.jpg 831w\" sizes=\"auto, (max-width: 711px) 100vw, 711px\" \/><\/figure>\n\n\n\n<figure class=\"wp-block-image\"><img loading=\"lazy\" decoding=\"async\" width=\"713\" height=\"1024\" src=\"https:\/\/laturbineagraines.net\/wp-content\/uploads\/2021\/09\/r\u00e9cit-de-travers\u00e9-3-713x1024.jpg\" alt=\"\" class=\"wp-image-1265\" srcset=\"https:\/\/laturbineagraines.net\/wp-content\/uploads\/2021\/09\/r\u00e9cit-de-travers\u00e9-3-713x1024.jpg 713w, https:\/\/laturbineagraines.net\/wp-content\/uploads\/2021\/09\/r\u00e9cit-de-travers\u00e9-3-209x300.jpg 209w, https:\/\/laturbineagraines.net\/wp-content\/uploads\/2021\/09\/r\u00e9cit-de-travers\u00e9-3-768x1103.jpg 768w, https:\/\/laturbineagraines.net\/wp-content\/uploads\/2021\/09\/r\u00e9cit-de-travers\u00e9-3-800x1149.jpg 800w, https:\/\/laturbineagraines.net\/wp-content\/uploads\/2021\/09\/r\u00e9cit-de-travers\u00e9-3.jpg 826w\" sizes=\"auto, (max-width: 713px) 100vw, 713px\" \/><\/figure>\n\n\n\n<figure class=\"wp-block-image\"><img loading=\"lazy\" decoding=\"async\" width=\"727\" height=\"1024\" src=\"https:\/\/laturbineagraines.net\/wp-content\/uploads\/2021\/09\/r\u00e9cit-de-travers\u00e9-4-727x1024.jpg\" alt=\"\" class=\"wp-image-1266\" srcset=\"https:\/\/laturbineagraines.net\/wp-content\/uploads\/2021\/09\/r\u00e9cit-de-travers\u00e9-4-727x1024.jpg 727w, https:\/\/laturbineagraines.net\/wp-content\/uploads\/2021\/09\/r\u00e9cit-de-travers\u00e9-4-213x300.jpg 213w, https:\/\/laturbineagraines.net\/wp-content\/uploads\/2021\/09\/r\u00e9cit-de-travers\u00e9-4-768x1082.jpg 768w, https:\/\/laturbineagraines.net\/wp-content\/uploads\/2021\/09\/r\u00e9cit-de-travers\u00e9-4-800x1127.jpg 800w, https:\/\/laturbineagraines.net\/wp-content\/uploads\/2021\/09\/r\u00e9cit-de-travers\u00e9-4.jpg 826w\" sizes=\"auto, (max-width: 727px) 100vw, 727px\" \/><\/figure>\n\n\n\n<hr class=\"wp-block-separator\"\/>\n\n\n\n<p style=\"text-align:right\">D&rsquo;abord la col\u00e8re&#8230;<\/p>\n\n\n\n<p style=\"text-align:right\">Enfin, d&rsquo;abord la porte du conflit\nque nous  n&rsquo;avons pas pris<\/p>\n\n\n\n<p style=\"text-align:right\">Ensuite, l&rsquo;incompr\u00e9hension,\nl&rsquo;injustice, tout ce qui fait mal<\/p>\n\n\n\n<p style=\"text-align:right\">Comme trop tard pour en parler, juste\n\u00e0 l&rsquo;heure pour en crier<\/p>\n\n\n\n<p style=\"text-align:right\">J&rsquo;\u00e9coute, je prend, \u00e7a monte, je\nvomis \u00e0 mon tour et m\u2019essouffle<\/p>\n\n\n\n<p style=\"text-align:right\">Partir, il faut s&rsquo;enfuir, se\nprot\u00e9ger, \u00eatre mieux ailleurs<\/p>\n\n\n\n<p style=\"text-align:right\">Et puis non, que l&rsquo;autre s&rsquo;en aille,\nmoi je reste. \n<\/p>\n\n\n\n<p style=\"text-align:right\">Je suis l\u00e0&nbsp;! Et las&#8230;<\/p>\n\n\n\n<p style=\"text-align:right\">Je ne sais pas. On dirait que j&rsquo;ai\nenvie de.. que j&rsquo;ai peur aussi.<\/p>\n\n\n\n<p style=\"text-align:right\">Reste toi aussi, s&rsquo;il te pla\u00eet<\/p>\n\n\n\n<p style=\"text-align:right\">On en est l\u00e0.<\/p>\n\n\n\n<p style=\"text-align:right\">\u00c0 s&rsquo;\u00e9couter, s&rsquo;accuser, pour\ncompter plusieurs fois. \n<\/p>\n\n\n\n<p style=\"text-align:right\">Et un peu plus<\/p>\n\n\n\n<p style=\"text-align:right\">Pourquoi je redoute le conflit alors\nque je d\u00e9teste la col\u00e8re&nbsp;?<\/p>\n\n\n\n<p style=\"text-align:right\">Cette col\u00e8re qui fait mal quand elle\nme frappe<\/p>\n\n\n\n<p style=\"text-align:right\">Ce passage en force, ce brouillard\nacide<\/p>\n\n\n\n<p style=\"text-align:right\">Le conflit est un raccourci, \n<\/p>\n\n\n\n<p style=\"text-align:right\">La col\u00e8re le d\u00e9tour \n<\/p>\n\n\n\n<p style=\"text-align:right\">Et les blessures son chemin.<\/p>\n","protected":false},"excerpt":{"rendered":"<p>Ici sont rassembl\u00e9es les productions po\u00e9tiques et cr\u00e9atives que les stagiaires ont partag\u00e9s avec nous. Vous y trouverez p\u00eale-m\u00eale des \u00e9cris individuels po\u00e9tiques suite \u00e0 des moments collectifs de th\u00e9\u00e2tre-image ou autres d\u00e9rives sensibles, mais aussi des productions collectives t\u00e9moignant avec humour et esth\u00e9tique de savoirs partag\u00e9s, r\u00e9colt\u00e9s, ou encore en gestation. Bonne promenade dans &hellip; <a href=\"https:\/\/laturbineagraines.net\/index.php\/la-formation-turbine\/poetique-en-formation\/\" class=\"more-link\">Continuer la lecture de <span class=\"screen-reader-text\">Productions po\u00e9tiques de formation<\/span> <span class=\"meta-nav\">&rarr;<\/span><\/a><\/p>\n","protected":false},"author":3,"featured_media":0,"parent":9,"menu_order":0,"comment_status":"closed","ping_status":"closed","template":"","meta":{"footnotes":""},"class_list":["post-1240","page","type-page","status-publish","hentry"],"_links":{"self":[{"href":"https:\/\/laturbineagraines.net\/index.php\/wp-json\/wp\/v2\/pages\/1240","targetHints":{"allow":["GET"]}}],"collection":[{"href":"https:\/\/laturbineagraines.net\/index.php\/wp-json\/wp\/v2\/pages"}],"about":[{"href":"https:\/\/laturbineagraines.net\/index.php\/wp-json\/wp\/v2\/types\/page"}],"author":[{"embeddable":true,"href":"https:\/\/laturbineagraines.net\/index.php\/wp-json\/wp\/v2\/users\/3"}],"replies":[{"embeddable":true,"href":"https:\/\/laturbineagraines.net\/index.php\/wp-json\/wp\/v2\/comments?post=1240"}],"version-history":[{"count":19,"href":"https:\/\/laturbineagraines.net\/index.php\/wp-json\/wp\/v2\/pages\/1240\/revisions"}],"predecessor-version":[{"id":1276,"href":"https:\/\/laturbineagraines.net\/index.php\/wp-json\/wp\/v2\/pages\/1240\/revisions\/1276"}],"up":[{"embeddable":true,"href":"https:\/\/laturbineagraines.net\/index.php\/wp-json\/wp\/v2\/pages\/9"}],"wp:attachment":[{"href":"https:\/\/laturbineagraines.net\/index.php\/wp-json\/wp\/v2\/media?parent=1240"}],"curies":[{"name":"wp","href":"https:\/\/api.w.org\/{rel}","templated":true}]}}