{"id":15,"date":"2015-12-21T14:53:14","date_gmt":"2015-12-21T13:53:14","guid":{"rendered":"http:\/\/laturbineagraines.net\/?page_id=15"},"modified":"2025-04-28T13:31:42","modified_gmt":"2025-04-28T12:31:42","slug":"interventions-dans-lespace-public","status":"publish","type":"page","link":"https:\/\/laturbineagraines.net\/index.php\/interventions-dans-lespace-public\/","title":{"rendered":"Les Semailles"},"content":{"rendered":"<p align=\"JUSTIFY\">Les semailles, c&rsquo;est des aventures o\u00f9 l\u2019\u00e9ducation populaire se d\u00e9cline hors des sentiers battus. C\u2019est se dire que nos d\u00e9sirs ne s\u2019\u00e9crivent pas dans des formes pr\u00e9existantes, et que l\u2019\u00e9ducation populaire qui nous anime s\u2019invente bien au pluriel\u00a0!<\/p>\n<p align=\"JUSTIFY\">Les semailles \u00e7a peut-\u00eatre investir la rue, en partant d\u2019une question qu\u2019on agite sur l&rsquo;espace public et en portant la parole des passant-e-s. On sort de l\u2019entre-soi, on cr\u00e9e de la rencontre, on investit des lieux vari\u00e9s pour susciter de l&rsquo;\u00e9change, du d\u00e9bat. C\u2019est aussi des conf\u00e9rences sans expert-e, o\u00f9 les participant-es sont les conf\u00e9rencier-\u00e8re-s, o\u00f9 on permet \u00e0 chacun-e de se sentir l\u00e9gitime \u00e0 donner son avis, pour se r\u00e9approprier des questions de soci\u00e9t\u00e9.<\/p>\n<p align=\"JUSTIFY\">Les semailles c\u2019est inventer de nouvelles formes de mises au travail. Se raconter \u00e0 travers le th\u00e9\u00e2tre ou la photographie, faire des marches philosophiques en montagne, mettre en mouvement ce qui se noud et se joue dans les corps.<\/p>\n<p align=\"JUSTIFY\">Les semailles c\u2019est aussi ouvrir des espaces de recherches et de r\u00e9flexion sur des th\u00e9matiques comme le travail, le corps, la sant\u00e9, les cultures libres&#8230; En lisant ensemble des ouvrages, et on se racontant ce qu\u2019on y a trouv\u00e9. En s\u2019enqu\u00eatant par deux en marchant. En s\u2019essayant \u00e0 l\u2019\u00e9criture\u2026<\/p>\n<p align=\"JUSTIFY\">Et dans nos semailles il y a aussi l\u2019envie de vivre l\u2019\u00e9ducation populaire avec des enfants. En intervenant directement dans les \u00e9coles, ou en en allant animer des vacances pas comme les autres.<\/p>\n\n\n<h1 class=\"wp-block-heading\">Les Semailles \u00ab\u00a0locales\u00a0\u00bb<\/h1>\n\n\n\n<h2 class=\"wp-block-heading\" id=\"block-a573d397-0c11-446b-bc7a-7f7993d29ffb\">La Mutuielles, collectif d&rsquo;artisan-es du \u00ab\u00a0prendre soin<em>\u00ab\u00a0<\/em><\/h2>\n\n\n\n<p id=\"block-408374ac-d218-4b4c-89f5-5b69b867dfd6\"><em>fevrier 2022<\/em><\/p>\n\n\n\n<p id=\"block-e695eb9c-b9ec-469a-befb-45524f962451\">Depuis bient\u00f4t deux ans, la Turbine soutient et s&rsquo;implique dans ce collectif singulier bas\u00e9 \u00e0 Grenoble, dans une recherche-action en miroir entre travail du soin et soin du travail, abordant \u00ab\u00a0le care\u00a0\u00bb dans sa dimension politique, artistique et affective mais aussi \u00e9conomique et pratique. La Mutuielles, c&rsquo;est une \u00e9quipe d\u2019une dizaine de personnes d\u2019horizons sociaux et locaux vari\u00e9s qui s&rsquo;est rencontr\u00e9e autour des OAS\u00ceCH -\u00ab\u00a0\u00eelots de chaleurs humaines\u00a0\u00bb : un rendez-vous artistique initi\u00e9 par le laboratoire Archaologie, d\u00e9ployant un salon de massage partag\u00e9 et une caravane-sauna en itin\u00e9rance dans des quartiers dits \u00ab\u00a0populaires\u00a0\u00bb de la ville pour offrir des \u00ab\u00a0temps pour soi(n)\u00a0\u00bb. Aujourd&rsquo;hui, la Mutuielles s&rsquo;identifie comme un collectif de pratiques de soin amateures (du latin amator, celle \/ celui qui aime).<\/p>\n\n\n\n<p id=\"block-25c7be62-e53d-4c7e-bb2b-3a90965f4f4e\">\u00c0 l&rsquo;occasion d&rsquo;un bain de pied ou d&rsquo;un massage des mains, du visage, ces artisan-es du \u00ab\u00a0prendre soin\u00a0\u00bb r\u00e9coltent et colportent des histoires qui \u00e9voquent le travail invisibilis\u00e9, la place du corps dans notre soci\u00e9t\u00e9, l&rsquo;hospitalit\u00e9, l&rsquo;interculturalit\u00e9, des mani\u00e8res d&rsquo;\u00eatre attentif-ves les un-es les autres, mais aussi des paradoxes, des injonctions contradictoires entre statut professionnel et familial, des zones d&rsquo;inconfort entre reconnaissance financi\u00e8re ou symbolique, entre intime et public\u2026<\/p>\n\n\n\n<p id=\"block-3167233b-5619-4eeb-96d3-2d1d12e45ab1\"><em>juin 2022<\/em><br>\ufeff<\/p>\n\n\n\n<p id=\"block-d6026728-fe14-414a-9666-fc7550f73dee\">Cet \u00e9t\u00e9 nous continuons \u00e0 diffuser nos pratiques de soin amateures (du latin amator, celle \/ celui qui aime) cet \u00e9t\u00e9, dans les environs grenoblois, en proposant des OAS\u00ceCH, \u00ab\u00a0\u00eelots de fra\u00eecheur\u00a0\u00bben plein-air.<br>Nous rejoindre sur un \u00eelot de fra\u00eecheur, c&rsquo;est profiter d&rsquo;un temps pour soi(n), puis partager, r\u00e9colter ou colporter des histoires d&rsquo;hospitalit\u00e9, de sororit\u00e9 et fraternit\u00e9, de mani\u00e8res d&rsquo;\u00eatre attentif-ves les un-es les autres, mais aussi de travail invisibilis\u00e9, de corps fatigu\u00e9s, d&rsquo;injonctions contradictoires entre statut professionnel et familial, de zones d&rsquo;inconfort entre reconnaissance financi\u00e8re ou symbolique, entre intime et politique\u2026<\/p>\n\n\n\n<p id=\"block-0003f4f0-6a2e-471f-adb2-4f867851e4c0\">Plus d&rsquo;infos sur l&rsquo;aventure<a href=\"https:\/\/padlet.com\/Archaologie\/oasich2_la_mutuielle\" target=\"_blank\" rel=\"noreferrer noopener\"> Mutuielles par ici<\/a><\/p>\n\n\n\n<h2 class=\"wp-block-heading\" id=\"block-1f28c7f4-b97b-4b7c-a153-d7e3fa17477f\">Le R\u00e9seau sant\u00e9 sexuelle  &#8211;  <strong>Parler de sexualit\u00e9 avec les ados: Initiation \u00e0 l&rsquo;\u00c9ducation aux sexualit\u00e9s<\/strong><\/h2>\n\n\n\n<p><em>Avril 2022<\/em><\/p>\n\n\n\n<p id=\"block-9e54cec2-1708-4352-9368-b0e243d535cc\"><strong>Du 11 au 13 avril 2022 \u2013 Habiterre \u2013 Die (26) \u2013 en partenariat<br>avec l&rsquo;ALS (Association de lutte contre le sida et pour la sant\u00e9<br>sexuelle) et l&rsquo;ESCDD (Espace social et culturel du Diois)\u00a0<\/strong><\/p>\n\n\n\n<p id=\"block-85ecae20-7afe-4f38-a3fb-32843efdf210\"><strong>Intervenante:<br>Edwige Marty, formatrice de l&rsquo;ALS (et invit\u00e9s locaux)<\/strong><\/p>\n\n\n\n<p id=\"block-f6ecaf8c-c550-4d18-9275-f35627cbc9cd\">Dans la vall\u00e9e de la Dr\u00f4me, nous r\u00e9fl\u00e9chissons avec des partenaires locaux et r\u00e9gionaux \u00e0 mettre en \u0153uvre un projet pilote autour d&rsquo;une \u00e9ducation compl\u00e8te aux sexualit\u00e9s de 6 \u00e0 25 ans au sein de l&rsquo;institution scolaire et en dehors. Nous sommes aux pr\u00e9mices de ce projet et si vous souhaitez contribuer, n&rsquo;h\u00e9sitez pas \u00e0 nous contacter!<\/p>\n\n\n\n<p id=\"block-2ebdbbd9-755b-450d-b373-a7cfabca9802\">Pour commencer, nous proposons un premier temps de formation de trois jours pour les personnes qui souhaitent s&rsquo;initier \u00e0 l&rsquo;intervention en \u00e9ducation aux sexualit\u00e9s aupr\u00e8s des publics adolescents. Il s&rsquo;agit de travailler sa posture et ses repr\u00e9sentations, acqu\u00e9rir des savoirs et mieux conna\u00eetre les publics pour aborder les questions de sexualit\u00e9 plus sereinement et de mani\u00e8re adapt\u00e9e. Cette formation est ouverte aux professionnels de tout secteurs confondus, et &nbsp;toute personne qui souhaite se sentir plus l\u00e9gitime pour s&rsquo;impliquer sur ces sujets. Elle s&rsquo;adresse en priorit\u00e9 aux habitant.e.s de la vall\u00e9e de la Dr\u00f4me dans l&rsquo;id\u00e9e de constituer un r\u00e9seau de personnes form\u00e9es, et potentiellement aptes \u00e0 intervenir aupr\u00e8s des publics du territoire. Ces sujets n\u00e9cessitent une formation continue et des espaces de d&rsquo;analyse de la pratique pour adapter sans cesse nos postures aux besoins des personnes que nous accompagnons, prendre en compte les \u00e9volutions scientifiques, l\u00e9gislatives et sociales et travailler sur notre rapport \u00e0 notre propre sexualit\u00e9.<\/p>\n\n\n\n<p id=\"block-6d122692-118b-4966-8868-073790e13922\">Pour commencer, nous proposons un premier temps de formation de trois jours pour les personnes qui souhaitent s&rsquo;initier \u00e0 l&rsquo;intervention en \u00e9ducation aux sexualit\u00e9s aupr\u00e8s des publics adolescents. Il s&rsquo;agit de travailler sa posture et ses repr\u00e9sentations, acqu\u00e9rir des savoirs et mieux conna\u00eetre les publics pour aborder les questions de sexualit\u00e9 plus sereinement et de mani\u00e8re adapt\u00e9e. Cette formation est ouverte aux professionnels de tout secteurs confondus, et &nbsp;toute personne qui souhaite se sentir plus l\u00e9gitime pour s&rsquo;impliquer sur ces sujets. Elle s&rsquo;adresse en priorit\u00e9 aux habitant.e.s de la vall\u00e9e de la Dr\u00f4me dans l&rsquo;id\u00e9e de constituer un r\u00e9seau de personnes form\u00e9es, et potentiellement aptes \u00e0 intervenir aupr\u00e8s des publics du territoire. Ces sujets n\u00e9cessitent une formation continue et des espaces de d&rsquo;analyse de la pratique pour adapter sans cesse nos postures aux besoins des personnes que nous accompagnons, prendre en compte les \u00e9volutions scientifiques, l\u00e9gislatives et sociales et travailler sur notre rapport \u00e0 notre propre sexualit\u00e9.<\/p>\n\n\n\n<h3 class=\"wp-block-heading\" id=\"block-86c26727-93d0-4710-9b60-8d9cea2657ba\">Faire r\u00e9seau pour favoriser la Sant\u00e9 sexuelle<\/h3>\n\n\n\n<p id=\"block-9ac0ef85-2dc7-4715-8dd3-5b9a842d9030\">La 1\u00e8re rencontre du r\u00e9seau pour<strong>&nbsp;\u00ab&nbsp;Concevoir et mettre en \u0153uvre une dynamique collective de promotion de la sant\u00e9 sexuelle et affective tout au long de la vie dans la Vall\u00e9e de la Dr\u00f4me&nbsp;\u00bb aura lieu le 23 Juin \u00e0 Die.<\/strong><\/p>\n\n\n\n<p id=\"block-61bb79e8-56ed-42fe-8612-59e79aff5dc5\">Suite \u00e0 l\u2019\u00e9tude qualitative sur la sant\u00e9 sexuelle et affective en Ard\u00e8che et Dr\u00f4me men\u00e9e par l\u2019Observatoire R\u00e9gional de la Sant\u00e9 en 2021 et dans la continuit\u00e9 des actions port\u00e9es par la Turbine \u00e0 graines, nous avons initi\u00e9, avec l\u2019Association de Lutte contre le SIDA et l\u2019Espace social et culturel du Diois, une dynamique collective pour favoriser la sant\u00e9 sexuelle dans la vall\u00e9e de la Dr\u00f4me, en partenariat avec le contrat local de sant\u00e9, port\u00e9 par la Communaut\u00e9 de communes du Diois.<\/p>\n\n\n\n<p id=\"block-f6242500-70e3-4d0d-b234-e9ff652b4016\">Nous avons propos\u00e9 ensemble une formation de trois jours pour s\u2019initier \u00e0 l\u2019\u00e9ducation aux sexualit\u00e9s en milieu scolaire et organisons une premi\u00e8re journ\u00e9e de rencontre des acteurs et actrices de la vall\u00e9e qui aura lieu le 23 Juin \u00e0 Die : Si vous souhaitez vous impliquer sur ces questions en vall\u00e9e de la Dr\u00f4me, faites-nous signe&nbsp;!<\/p>\n\n\n\n<p id=\"block-eaea30a1-5666-40de-8fbb-027fc502d7be\"><em>\u00ab\u00a0La sant\u00e9 sexuelle s\u2019entend comme une approche positive et respectueuse de la sexualit\u00e9 et des relations sexuelles, ainsi que comme la possibilit\u00e9 de vivre des exp\u00e9riences sexuelles agr\u00e9ables et s\u00fbres, exemptes de coercition, de discrimination et de violence. [\u2026]. Les questions li\u00e9es \u00e0 la sant\u00e9 sexuelle sont tr\u00e8s vari\u00e9es et englobent l\u2019orientation sexuelle et l\u2019identit\u00e9 de genre, l\u2019expression sexuelle, les relations et le plaisir. \u00a0\u00bb Organisation Mondiale de la Sant\u00e9.<\/em><\/p>\n\n\n\n<p><\/p>\n\n\n\n<h1 class=\"wp-block-heading\">Les Semailles \u00ab\u00a0Jeunesses\u00a0\u00bb<\/h1>\n\n\n\n<h1 class=\"wp-block-heading\">Environnement en ville: Des convictions, des actions!<\/h1>\n\n\n\n<p><strong>Une formation civique et citoyenne pour les volontaires en service civique<\/strong><br>Les&nbsp;3 et 4 Octobre 2018 \u00e0 Marseille<\/p>\n\n\n\n<p>Pendant 2 jours, nous prendrons le temps de r\u00e9fl\u00e9chir, discuter, d\u00e9battre sur nos modes de vie et leurs impacts et exp\u00e9rimenter des alternatives pour agir individuellement et\/ou collectivement. Quelles sont les cons\u00e9quences (locales\/globales) de nos choix au quotidien ? Comment agir en coh\u00e9rence avec nos id\u00e9es ? Comment s\u2019organiser collectivement pour y parvenir?<\/p>\n\n\n\n<p>Plus d&rsquo;infos ici : <a href=\"https:\/\/laturbineagraines.net\/wp-content\/uploads\/2017\/02\/Environnement-en-Ville-Octobre-2018-Programme.pdf\">Environnement en Ville &#8211; Octobre 2018 &#8211; Programme<\/a><\/p>\n\n\n\n<h1 class=\"wp-block-heading\" id=\"Cleon\">L&rsquo;Il\u00f4t pirate, avec l&rsquo;office\/l&rsquo;Ecole Flottante<\/h1>\n\n\n\n<p><strong>La Turbine \u00e0 Graines part en colo avec l&rsquo;Ecole Flottante<\/strong><\/p>\n\n\n\n<p>du 10 au 13 mai 2018 &#8211; \u00e0 Vauni\u00e8res (Saint Julien en Beauch\u00e8ne &#8211; 05)<\/p>\n\n\n\n<p>Imagine&#8230; tu pars en voyage sur un bateau avec une bande de copains et copines mais une grosse temp\u00eate vous oblige \u00e0 vous arr\u00eater le plus vite possible! Vous atterrissez dans une vall\u00e9e qu&rsquo;on appelle la M\u00e9ouge. Alors, vous d\u00e9cidez de suivre les gorges de cette rivi\u00e8re \u00e0 la recherche d&rsquo;un village pour passer la nuit&#8230; C&rsquo;est alors que vous d\u00e9couvrez un b\u00e2timent appel\u00e9 \u00c9coloc, o\u00f9 une sacr\u00e9e bande de pirates en tous genres vous attend pour vous faire d\u00e9couvrir leur monde&#8230; C&rsquo;est l&rsquo;\u00eelot pirate!<\/p>\n\n\n\n<p>Oui ! Pendant un long week-end, nous jouerons les pirates. Mais nous serons des pirates sympathiques : Nous nous demanderons pourquoi \u00eatre pirate aujourd&rsquo;hui ? Quel pirate sommes-nous ?<\/p>\n\n\n\n<p>Les habitant-es de l&rsquo;\u00eelot nous emm\u00e8neront explorer le village pour trouver des moyens de communiquer avec le monde ext\u00e9rieur. Avec eux, nous apprendrons \u00e0 pirater les ondes radio pour passer nos annonces, faire entendre notre voix, explorer les alentours et raconter nos d\u00e9couvertes \u00e0 nos familles, \u00e0 nos ami-es, et aux autres curieux et curieuses de la M\u00e9ouge.<\/p>\n\n\n<div class=\"wp-block-image\">\n<figure class=\"aligncenter\"><a href=\"https:\/\/laturbineagraines.net\/wp-content\/uploads\/2017\/02\/Capture-d\u2019\u00e9cran-2017-02-24-\u00e0-10.57.02.png\"><img decoding=\"async\" src=\"https:\/\/laturbineagraines.net\/wp-content\/uploads\/2017\/02\/Capture-d\u2019\u00e9cran-2017-02-24-\u00e0-10.57.02.png\" alt=\"\" class=\"wp-image-642\"\/><\/a><\/figure>\n<\/div>\n\n\n<p>Pour en savoir plus sur la colo : Le Fly&nbsp;<a href=\"https:\/\/laturbineagraines.net\/wp-content\/uploads\/2017\/02\/S\u00e9jour-l\u00eelot-pirate.pdf\">S\u00e9jour-l&rsquo;\u00eelot pirate<\/a>&nbsp;et le <a href=\"https:\/\/laturbineagraines.net\/wp-content\/uploads\/2017\/02\/s\u00e9jour-l\u00eelot-pirate-projet-p\u00e9dagogique.pdf\">projet p\u00e9dagogique<\/a><\/p>\n\n\n\n<p><strong>R\u00e9cits de&nbsp;l&rsquo;Ilot Pirate 2018!<\/strong><\/p>\n\n\n\n<p>En ce beau mois de mai, la&nbsp;<a href=\"https:\/\/laturbineagraines.us12.list-manage.com\/track\/click?u=02215b0214d6e04821e94cca3&amp;id=3f8baa112d&amp;e=e6023b8971\" target=\"_blank\" rel=\"noreferrer noopener\">Turbine \u00e0 Graines<\/a>&nbsp;et&nbsp;<a href=\"https:\/\/laturbineagraines.us12.list-manage.com\/track\/click?u=02215b0214d6e04821e94cca3&amp;id=a7d5ddd617&amp;e=e6023b8971\" target=\"_blank\" rel=\"noreferrer noopener\">l&rsquo;\u00e9cole flottante<\/a>&nbsp;ont repris les voiles pour une nouvelle session de l&rsquo;ilot pirates. Dans le petit ilot de&nbsp;<a href=\"https:\/\/laturbineagraines.us12.list-manage.com\/track\/click?u=02215b0214d6e04821e94cca3&amp;id=f061bf09f0&amp;e=e6023b8971\" target=\"_blank\" rel=\"noreferrer noopener\">Vauni\u00e8res<\/a>, (village anim\u00e9 par l&rsquo;association \u00ab\u00a0<a href=\"https:\/\/laturbineagraines.us12.list-manage.com\/track\/click?u=02215b0214d6e04821e94cca3&amp;id=8ddb3e7d25&amp;e=e6023b8971\" target=\"_blank\" rel=\"noreferrer noopener\">Les Villages des Jeunes<\/a>\u00ab\u00a0), nous \u00e9tions pendant 4 jours \u00ab\u00a0hors du temps, de l\u2019espace et des lois \u00e9tatiques\u00a0\u00bb!! Entre enfants et grands enfants de 5 \u00e0 50 ans&#8230;<\/p>\n\n\n\n<p>A l\u2019assaut du village : participation aux chantiers du quotidien : Arrachage d\u2019orties, pr\u00e9paration du repas, et fabrication de sirop de bourgeon de pins.<br>Puis r\u00e9galades : d\u00e9couverte du fant\u00f4me de Raymond Reymond et de la fameuse histoire du tr\u00e9sor de Vauni\u00e8res, exploration de l&rsquo;ilot lors d&rsquo;une chasse au tr\u00e9sor organis\u00e9e par les enfants, , une veill\u00e9e loup garou dans la nuit noire des montagnes,<br>Et aussi piratages \u00e9videmment : piratages d&rsquo;images avec le st\u00e9nop\u00e9 argentique et num\u00e9rique, mais aussi piratage des ondes avec la radio pirates.<\/p>\n\n\n\n<p>La grande question de cette aventure : \u00ab\u00a0Est-ce qu&rsquo;on a le droit&#8230;?\u00a0\u00bb &#8211; \u00e0 nous de red\u00e9finir collectivement nos r\u00e8gles et donc nos droits : Tous les jours, on se retrouve au conseil des pirates : on discute de ce que l\u2019on veut\/peut faire ensemble et comment. &#8230; et c&rsquo;est l&rsquo;assembl\u00e9e qui s&rsquo;organise, qui se r\u00e9gule et qui agence son quotidien!!&nbsp; De 6 \u00e0 45 ans, tout le monde a la parole (et le micro!!)<\/p>\n\n\n\n<p>Et voici,&nbsp;<a href=\"https:\/\/laturbineagraines.us12.list-manage.com\/track\/click?u=02215b0214d6e04821e94cca3&amp;id=823720401a&amp;e=e6023b8971\" target=\"_blank\" rel=\"noreferrer noopener\">en suivant ce lien<\/a>, une immersion sonore dans cette incroyable aventure que f\u00fbt l&rsquo;ilot pirate (merci au&nbsp;<a href=\"https:\/\/laturbineagraines.us12.list-manage.com\/track\/click?u=02215b0214d6e04821e94cca3&amp;id=4b4c126b21&amp;e=e6023b8971\" target=\"_blank\" rel=\"noreferrer noopener\">cri de la girafe<\/a>&nbsp;et \u00e0&nbsp;<a href=\"https:\/\/laturbineagraines.us12.list-manage.com\/track\/click?u=02215b0214d6e04821e94cca3&amp;id=b48d91fc72&amp;e=e6023b8971\" target=\"_blank\" rel=\"noreferrer noopener\">Radio Campus Clermont Ferrand<\/a>)<\/p>\n\n\n\n<p>\u00e0 l&rsquo;ann\u00e9e prochaine?!? on l&rsquo;esp\u00e8re bien<\/p>\n\n\n<div class=\"wp-block-image\">\n<figure class=\"aligncenter\"><img decoding=\"async\" src=\"https:\/\/ci4.googleusercontent.com\/proxy\/WrWOVh92xHdTDmIGv5p6Uz0HMpYMhswNHyr5n1uPOfMiYyJO5kLl7uznztJRvJiqOQV0OMCu1iJXBigpXetd9CEtNqKDVG2vXA-P2vwxXRg9kFiaWv2OAC55Ey9ny3K0FChrLWmMO6UzuoDdl4PUUh5uMPGzXZY2yGKdn6w=s0-d-e1-ft#https:\/\/gallery.mailchimp.com\/02215b0214d6e04821e94cca3\/images\/ca6ae7e0-96e6-4738-be51-cc0f36b07b4d.png\" alt=\"\"\/><\/figure>\n<\/div>\n\n\n<h1 class=\"wp-block-heading\" id=\"Cleon\">Les petit-e-s Sauvageon-ne-s, avec Voyageurs des Cimes<\/h1>\n\n\n\n<p>du 10 au 21 juillet 2018 &#8211; \u00e0 Vauni\u00e8res (Saint Julien en Beauch\u00e8ne &#8211; 05)<\/p>\n\n\n\n<p>Petit-e-s d\u00e9brouillard-e-s, colibricolos, singes des bois, sauvageon-ne-s en tous genres : Finie l&rsquo;\u00e9cole, place aux vacances !<\/p>\n\n\n\n<p>Venez vivre une pure exp\u00e9rience sauvage : construire sa cabane, se nourrir de plantes sauvages, dormir \u00e0 la belle \u00e9toile, r\u00e9inventer une vie plus proche de la nature! Observer, \u00e9couter, toucher, go\u00fbter, sentir, d\u00e9couvrir les secrets de la nature tout en prenant plaisir \u00e0 \u00eatre ensemble !<\/p>\n\n\n\n<p>Au programme : 5 s\u00e9ances de grimpes d&rsquo;arbres, 1 nuit perch\u00e9e \u00e0 la cime des arbres, marche en montagne avec bivouac \u00e0 la belle \u00e9toile, animation nature, soir\u00e9e conte, permis couteau, costumes et maquillage nature, balade et baignade dans la rivi\u00e8re, veill\u00e9es d\u00e9jant\u00e9es, grands jeux natures, soir\u00e9e pizza au Village des Jeunes, bricolage nature et construction de cabanes&#8230;<\/p>\n\n\n\n<p>Pour en savoir plus : la Fiche technique <a href=\"http:\/\/www.voyageursdescimes.com\/uploads\/1\/5\/0\/5\/15057618\/b_-_ft_sauvageons_vaunieres_2017.pdf\">Les Petit-e-s Sauvageon-ne-s<\/a>&nbsp;et le&nbsp;<a href=\"https:\/\/laturbineagraines.net\/wp-content\/uploads\/2017\/02\/Projet-P\u00e9da-Sauvageonnes-2017.pdf\">projet p\u00e9dagogique<\/a><\/p>\n\n\n<div class=\"wp-block-image\">\n<figure class=\"aligncenter\"><a href=\"https:\/\/laturbineagraines.net\/wp-content\/uploads\/2017\/02\/IMG_0470.jpg\"><img loading=\"lazy\" decoding=\"async\" width=\"300\" height=\"225\" src=\"https:\/\/laturbineagraines.net\/wp-content\/uploads\/2017\/02\/IMG_0470-300x225.jpg\" alt=\"\" class=\"wp-image-630\" srcset=\"https:\/\/laturbineagraines.net\/wp-content\/uploads\/2017\/02\/IMG_0470-300x225.jpg 300w, https:\/\/laturbineagraines.net\/wp-content\/uploads\/2017\/02\/IMG_0470-768x576.jpg 768w, https:\/\/laturbineagraines.net\/wp-content\/uploads\/2017\/02\/IMG_0470-1024x768.jpg 1024w, https:\/\/laturbineagraines.net\/wp-content\/uploads\/2017\/02\/IMG_0470-1920x1440.jpg 1920w, https:\/\/laturbineagraines.net\/wp-content\/uploads\/2017\/02\/IMG_0470-800x600.jpg 800w\" sizes=\"auto, (max-width: 300px) 100vw, 300px\" \/><\/a><\/figure>\n<\/div>\n\n\n<h1 class=\"wp-block-heading\" id=\"Cleon\">Et si le Th\u00e9\u00e2tre pouvait changer le monde&nbsp;?<\/h1>\n\n\n\n<p><strong>Un s\u00e9jour de vacances\/th\u00e9\u00e2tre pour les 16-25 ans<\/strong><\/p>\n\n\n\n<p>Changer le monde&#8230; Un r\u00eave qui anime beaucoup d&rsquo;entre nous, et qu&rsquo;il est vital de transformer en r\u00e9alit\u00e9&nbsp;!<\/p>\n\n\n\n<p>Mais comment faire&nbsp;? Comment penser et comprendre le monde&nbsp;? Comment d\u00e9velopper notre pouvoir d&rsquo;agir&nbsp;? Quelle est ma place dans le monde&nbsp;? Comment se mettre d&rsquo;accord et s&rsquo;organiser collectivement&nbsp;?<\/p>\n\n\n\n<p>Autant de questions que nous vous proposons d&rsquo;explorer ensemble en vivant une exp\u00e9rience de vie de tribu en pleine nature. La vie quotidienne, les conflits, les joies, les col\u00e8res et les r\u00eaves de chacun seront le support de nos apprentissages, car faire communaut\u00e9 ne se d\u00e9cr\u00e8te pas, cela s&rsquo;apprend&nbsp;!<\/p>\n\n\n\n<p>Le th\u00e9\u00e2tre sera notre moyen d&rsquo;expression privil\u00e9gi\u00e9 pour travailler notre puissance, et nous d\u00e9couvrirons le Th\u00e9\u00e2tre de l&rsquo;Opprim\u00e9, une technique d&rsquo;\u00e9mancipation et de lutte contre les oppressions. Ensuite, nous partirons \u00e0 la reconqu\u00eate de l&rsquo;espace public, pour proposer aux habitants de la vall\u00e9e d&rsquo;\u00e9changer ensemble sur les sujets qui nous questionnent, gr\u00e2ce \u00e0 cet outil \u00e9tonnant.<\/p>\n\n\n\n<p>Entre aventure collective et formation, l&rsquo;objectif est d&rsquo;acqu\u00e9rir des outils d&rsquo;\u00e9ducation populaire autour de l&rsquo;organisation collective (outils d&rsquo;\u00e9change d&rsquo;id\u00e9es, de d\u00e9bat, de prise de d\u00e9cision,&#8230;) et de la transformation sociale (th\u00e9ories, penseurs, esprit critique,&#8230;). Ces outils sont r\u00e9utilisables dans le m\u00e9tier d&rsquo;animateur (et bien d&rsquo;autres!) et dans la vie quotidienne.<\/p>\n\n\n\n<p><em>\u00ab\u00a0Soyez le changement que vous voulez voir dans le monde!\u00a0\u00bb Gandhi<\/em><br><em>\u00ab\u00a0Ne doutez jamais qu&rsquo;un petit groupe d&rsquo;individus conscients et engag\u00e9s puisse changer le monde.<\/em><br><em>C&rsquo;est d&rsquo;ailleurs toujours comme cela que \u00e7a s&rsquo;est pass\u00e9.\u00a0\u00bb Margaret Mead<\/em><\/p>\n\n\n\n<p>Pour qui&nbsp;?<br>Les jeunes de 16 \u00e0 25 ans<\/p>\n\n\n\n<p>Quand&nbsp;?<br>Du dimanche 27 ao\u00fbt en d\u00e9but d&rsquo;apr\u00e8s midi au samedi 2 septembre en d\u00e9but d&rsquo;apr\u00e8s midi.<\/p>\n\n\n\n<p>Combien&nbsp;?<br>300\u20ac tout compris.<br>Am\u00e9nagements possibles selon situation (jusqu&rsquo;\u00e0 50%)&nbsp;: \u00c9changes de services, r\u00e9ductions, fractionnements&#8230; L&rsquo;argent ne doit pas \u00eatre un frein \u00e0 la participation.<br>Merci de contacter Wim pour trouver ensemble une solution satisfaisante.<\/p>\n\n\n\n<p>Informations&nbsp;: Wim de Lamotte 06-28-36-63-34 <a href=\"mailto:wimdel@gmail.com\">wimdel@gmail.com<\/a><br>Inscriptions&nbsp;: Caroline Yaffee 04-92-65-20-50 <a href=\"http:\/\/www.lesdamias.com\/\">www.lesdamias.com<\/a><\/p>\n\n\n\n<h1 class=\"wp-block-heading\" id=\"Cleon\">Interventions \u00e0 l&rsquo;\u00e9cole primaire de Cl\u00e9on d&rsquo;Andran<\/h1>\n\n\n\n<p>Mars 2016<\/p>\n\n\n\n<p>La Turbine \u00e0 Graines a \u00e9t\u00e9 sollicit\u00e9 par une enseignante de l&rsquo;\u00e9cole Cl\u00e9on d&rsquo;Andran pour travailler sur la coh\u00e9sion de groupe dans sa classe, pour leur faire d\u00e9couvrir ce que peut \u00eatre \u00ab\u00a0l&rsquo;intelligence collective\u00a0\u00bb et enfin pour aller vers plus de coop\u00e9ration entre les \u00e9l\u00e8ves. Durant 4 s\u00e9ances nous accompagnons les enfants \u00e0 r\u00e9fl\u00e9chir sur notre monde, et \u00e0 commencer \u00e0 imaginer comment nous pourrions le transformer. Nous abordons des sujets comme la violence, l&rsquo;amitit\u00e9, la famille, la nature, les migrants, les cultures du monde, etc. La derni\u00e8re s\u00e9ance \u00e9tait consacr\u00e9e \u00e0 aller vers les autres enfants de l&rsquo;\u00e9cole pour leur poser une question en porteur de paroles \u00a0\u00bb Un-e ami-e? \u00e7a s&rsquo;apprivoise?\u00a0\u00bb<\/p>\n","protected":false},"excerpt":{"rendered":"<p>Les semailles, c&rsquo;est des aventures o\u00f9 l\u2019\u00e9ducation populaire se d\u00e9cline hors des sentiers battus. C\u2019est se dire que nos d\u00e9sirs ne s\u2019\u00e9crivent pas dans des formes pr\u00e9existantes, et que l\u2019\u00e9ducation populaire qui nous anime s\u2019invente bien au pluriel\u00a0! Les semailles \u00e7a peut-\u00eatre investir la rue, en partant d\u2019une question qu\u2019on agite sur l&rsquo;espace public et &hellip; <a href=\"https:\/\/laturbineagraines.net\/index.php\/interventions-dans-lespace-public\/\" class=\"more-link\">Continuer la lecture de <span class=\"screen-reader-text\">Les Semailles<\/span> <span class=\"meta-nav\">&rarr;<\/span><\/a><\/p>\n","protected":false},"author":3,"featured_media":0,"parent":0,"menu_order":0,"comment_status":"closed","ping_status":"closed","template":"","meta":{"footnotes":""},"class_list":["post-15","page","type-page","status-publish","hentry"],"_links":{"self":[{"href":"https:\/\/laturbineagraines.net\/index.php\/wp-json\/wp\/v2\/pages\/15","targetHints":{"allow":["GET"]}}],"collection":[{"href":"https:\/\/laturbineagraines.net\/index.php\/wp-json\/wp\/v2\/pages"}],"about":[{"href":"https:\/\/laturbineagraines.net\/index.php\/wp-json\/wp\/v2\/types\/page"}],"author":[{"embeddable":true,"href":"https:\/\/laturbineagraines.net\/index.php\/wp-json\/wp\/v2\/users\/3"}],"replies":[{"embeddable":true,"href":"https:\/\/laturbineagraines.net\/index.php\/wp-json\/wp\/v2\/comments?post=15"}],"version-history":[{"count":15,"href":"https:\/\/laturbineagraines.net\/index.php\/wp-json\/wp\/v2\/pages\/15\/revisions"}],"predecessor-version":[{"id":2603,"href":"https:\/\/laturbineagraines.net\/index.php\/wp-json\/wp\/v2\/pages\/15\/revisions\/2603"}],"wp:attachment":[{"href":"https:\/\/laturbineagraines.net\/index.php\/wp-json\/wp\/v2\/media?parent=15"}],"curies":[{"name":"wp","href":"https:\/\/api.w.org\/{rel}","templated":true}]}}