{"id":20,"date":"2015-12-22T14:20:37","date_gmt":"2015-12-22T13:20:37","guid":{"rendered":"http:\/\/laturbineagraines.net\/?page_id=20"},"modified":"2024-05-21T14:59:26","modified_gmt":"2024-05-21T13:59:26","slug":"lequipe","status":"publish","type":"page","link":"https:\/\/laturbineagraines.net\/index.php\/page-d-exemple\/lequipe\/","title":{"rendered":"La Turbine, c&rsquo;est qui ?"},"content":{"rendered":"<p style=\"text-align: justify;\">L\u2019e\u0301quipe des porteur-e-s de projet de La Turbine \u00e0 Graines est constitue\u0301e actuellement de personnes expe\u0301rimentant un fonctionnement d\u2019e\u0301quipe horizontal et coope\u0301ratif.<\/p>\n<p style=\"text-align: justify;\">Nous fonctionnons en collectif d\u2019intervenant-e-s, ce qui favorise l\u2019inventivite\u0301 et la finesse d\u2019analyse par le croisement de regards sur les situations, ainsi que la prise de recul.<\/p>\n<p style=\"text-align: justify;\">C\u2019est dans le d\u00e9sir d\u2019exp\u00e9rimenter l\u2019autogestion dans un collectif de travail, et avec\u00a0la volont\u00e9 d\u2019animer une d\u00e9marche d\u2019\u00e9ducation au politique et de renforcement du pouvoir d\u2019agir qu\u2019il-elles se sont rejoint-e-s autour du projet de la Turbine \u00e0 Graines.<\/p>\n<p align=\"justify\"><strong>Perrine Boissier, accompagnatrice &#8211; formatrice en \u00e9ducation populaire<\/strong><\/p>\n<p align=\"justify\">Depuis les chemins buissonniers des arts appliqu\u00e9s, j&rsquo;ai pris les autoroutes des agences d\u2019\u00e9co-design, puis les impasses de la m\u00e9diation culturelle et de la r\u00e9novation urbaine. Je me suis arr\u00eat\u00e9e dans un chantier tout neuf de \u201ctiers lieux opensource\u201d, puis dans un caf\u00e9 associatif o\u00f9 j&rsquo;ai rencontr\u00e9 de nouvelles pratiques d&rsquo;\u00e9ducation populaire et certain\u00b7es de mes coll\u00e8gues de La Turbine! A la Turbine, je propose des ateliers, des temps d\u2019accompagnements collectifs ou de formation pour interroger nos pratiques coop\u00e9ratives et nos d\u00e9marches participatives, notamment \u00e0 travers nos postures d&rsquo;\u00e9coute, d&#8217;empathie et de confrontation. Je m\u2019int\u00e9resse particuli\u00e8rement au rapport au travail, aux dynamiques de groupes, \u00e0 la p\u00e9dagogie et la d\u00e9hi\u00e9rarchisation des savoirs.<\/p>\n<p align=\"justify\">Dans ma vie d&rsquo;avant, j&rsquo;ai travaill\u00e9 avec Strategic Design Scenarios et la 27\u00e8me R\u00e9gion (dits \u00ab\u00a0laboratoire d\u2019innovation publique\u00a0\u00bb) \u00e0 Bruxelles et Lille, puis avec le Bruit du Frigo (urbanisme participatif) sur des dispositifs de m\u00e9diation culturelle et artistique \u00e0 Bordeaux et \u00e0 Marseille. Ensuite, j&rsquo;ai contribu\u00e9 5 ans \u00e0 l&rsquo;office, \u00ab\u00a0coop\u00e9rative d&rsquo;interm\u00e9diation\u00a0\u00bb, en d\u00e9veloppant des outils p\u00e9dagogiques de coop\u00e9ration et de m\u00e9diation dans le champ culturel (transformations num\u00e9riques, politiques jeunesse, \u00e9ducation \u00e0 l&rsquo;image et aux m\u00e9dias). Depuis 2016, je porte la d\u00e9marche exp\u00e9rimentale de \u00abl&rsquo;\u00e9cole flottante\u00bb, articulant faire et penser pour explorer diff\u00e9rentes mani\u00e8res d&rsquo;\u00eatre attentif-ve \u00e0 soi, \u00e0 l&rsquo;autre, \u00e0 notre environnement, et continuer d\u2019apprendre tout au long de la vie.<\/p>\n<p align=\"justify\">\u00a0<\/p>\n<p><strong>Wim de Lamotte, accompagnateur- formateur en \u00e9ducation populaire<\/strong><\/p>\n<p align=\"JUSTIFY\">Form\u00e9 par un parcours en ing\u00e9nierie de la formation pour adultes, en sciences de l&rsquo;\u00e9ducation et en protection de la nature, j&rsquo;exerce mon m\u00e9tier de d&rsquo;accompagnateur-formateur en croisant mes exp\u00e9riences dans le domaine de l&rsquo;\u00e9ducation populaire, l&rsquo;\u00e9ducation sp\u00e9cialis\u00e9e et l&rsquo;\u00e9ducation \u00e0 l&rsquo;environnement. Mes engagements au sein de diff\u00e9rents collectifs militants pour une transition \u00e9cologique et citoyenne en faveur de plus de justice sociale m&rsquo;ont amen\u00e9 \u00e0 \u00e9tudier les fonctionnements humains et les dynamiques de groupe, pour tenter de comprendre ce qui se joue dans les aventures collectives. Je me suis form\u00e9 \u00e0 diverses m\u00e9thodes d\u2019intervention et d\u2019accompagnement\u00a0: th\u00e9\u00e2tre de l&rsquo;opprim\u00e9, socianalyse, m\u00e9thodologie de l\u2019entra\u00eenement mental, communication non-violente, sociologie clinique, analyse de la pratique professionnelle.<\/p>\n<p align=\"JUSTIFY\">J&rsquo;ai \u00e9t\u00e9 initi\u00e9 \u00e0 l&rsquo;\u00e9ducation populaire au sein d&rsquo;un centre social, d\u2019abord en tant qu\u2019animateur jeunesse et \u00e9ducateur en pr\u00e9vention sp\u00e9cialis\u00e9e, puis sur des missions de coordination et de d\u00e9veloppement social local. Je me suis construit professionnellement dans le champ de la relation \u00e9ducative et j&rsquo;ai toujours questionn\u00e9 ma posture d\u2019accompagnateur, en favorisant un regard r\u00e9flexif sur ma pratique.<\/p>\n<p align=\"JUSTIFY\">Aujourd\u2019hui impliqu\u00e9 \u00e0 la Turbine \u00e0 Graines, je souhaite continuer \u00e0 explorer les diff\u00e9rents champs de la transformation sociale, contribuer \u00e0 nourrir la puissance des collectifs et des personnes, et cheminer vers une \u00e9mancipation commune avec comme mode d&rsquo;action l&rsquo;accompagnement et la formation.<\/p>\n<hr \/>\n<p style=\"text-align: center;\" align=\"JUSTIFY\"><strong>Nos alli\u00e9-es intervenant-es<br \/><\/strong><\/p>\n<hr \/>\n<p><strong>Julien REVOL, Formateur-intervenant\u00a0 &#8211; <\/strong><em>Analyse institutionnelle \/ \u00e9ducation populaire \/ analyse de la pratique professionnelle \/ recherche-action.<\/em><strong><br \/><\/strong><\/p>\n<p>Je suis formateur \u00e0 destination notamment d\u2019acteur.trice.s associatifs, et de professionnel.le.s du champ du travail social, m\u00e9dico-social et de l\u2019\u00e9ducation, autour de questions de m\u00e9thodologies, d\u2019organisation collective, ou li\u00e9es aux gestes et cultures de m\u00e9tiers. J\u2019interviens aupr\u00e8s d\u2019organisations collectives dans des moments particuliers de leurs histoires (crises, refondations, cr\u00e9ation d\u2019un nouveau projet, etc.), ou bien \u00e0 partir d\u2019une demande qui \u00e9merge de la pratique professionnelle. J\u2019interviens \u00e9galement en analyse de la pratique professionnelle, et j\u2019anime aussi des d\u00e9marches de recherche-action.<\/p>\n<p>Des \u00e9tudes en philosophie et en anthropologie et une formation \u00e0 la recherche-action m\u2019ont permis de me doter d\u2019un bagage th\u00e9orique que je mets au service de ma pratique d\u2019intervention. J\u2019ai aussi b\u00e9n\u00e9fici\u00e9 de formations compl\u00e9mentaires : analyse institutionnelle, entra\u00eenement mental (penser et agir dans la complexit\u00e9), pratiques de la non-directivit\u00e9 dans le travail de groupe, th\u00e9\u00e2tre forum, etc.<\/p>\n<p>J\u2019ai \u00e9t\u00e9 engag\u00e9 pr\u00e8s de vingt ans dans des d\u00e9marches d\u2019\u00e9ducation populaire et de travail social. J\u2019ai notamment dirig\u00e9 un centre d\u2019accueil social et international. Et j\u2019ai cr\u00e9\u00e9 \u00e0 cette occasion un lieu de vie et d\u2019accueil destin\u00e9 \u00e0 des jeunes et adultes en situation de fragilit\u00e9s psychique et\/ou sociale, et pour la plupart en \u00ab\u00a0errance institutionnelle\u00a0\u00bb. J\u2019ai \u00e9galement cofond\u00e9 l&rsquo;association d\u2019\u00e9ducation populaire \u00ab\u00a0la Turbine \u00e0 Graines\u00a0\u00bb.<\/p>\n<p>Aujourd\u2019hui, je reste engag\u00e9 dans des collectifs et r\u00e9seaux de praticiens, me permettant de continuer \u00e0 me former et remettre au travail des situations d\u2019intervention, de formation et de recherche. Mon activit\u00e9 est h\u00e9berg\u00e9e dans une coop\u00e9rative d\u2019activit\u00e9s, chez Solstice (Eurre, 26).<\/p>\n<p>\u00a0<\/p>\n<p><strong>Coraline MONNOT &#8211;<em>Formatrice- accompagnatrice de collectifs <\/em><\/strong><em>(habitants,\u00a0 associations, collectivit\u00e9s locales),\u00a0 agent de d\u00e9veloppement social local.<\/em><\/p>\n<p>Centr\u00e9e sur le d\u00e9veloppement du pouvoir d\u2019agir des personnes \u00e0 l\u2019\u00e9chelle sociale et politique, je suis initialement dipl\u00f4m\u00e9e en Gestion de projet de d\u00e9veloppement et d\u2019action humanitaire (IUT Carri\u00e8res sociales \u00e0 Bordeaux) et en Coordination de projet de solidarit\u00e9 internationale (Institut Bio Force \u00e0 Lyon). J\u2019ai b\u00e9n\u00e9fici\u00e9 de formations compl\u00e9mentaires qui m\u2019ont permis d\u2019\u00e9tayer ma pratique professionnelle (Th\u00e9\u00e2tre forum, \u00a0m\u00e9thode d\u2019entra\u00eenement mental, analyse institutionnelle, outils d\u2019intelligence collective\u2026).<\/p>\n<p>Mes exp\u00e9riences en France, en Inde et en Mauritanie, particuli\u00e8rement aupr\u00e8s de communaut\u00e9s rurales, m\u2019ont permis de d\u00e9couvrir et d\u2019exp\u00e9rimenter diff\u00e9rentes formes d\u2019actions pour\u00a0: renforcer la place des femmes et des jeunes dans la soci\u00e9t\u00e9, susciter la participation des habitants dans des projets de d\u00e9veloppement local, soutenir les dynamiques coop\u00e9ratives sur un territoire. En Dr\u00f4me, j\u2019ai particip\u00e9 \u00e0 la cr\u00e9ation puis \u00e0 l\u2019essaimage de l\u2019association Curieuses D\u00e9mocraties en vue de mettre en lumi\u00e8re des modes de gouvernance participatifs et de favoriser les initiatives citoyennes.<\/p>\n<p>Depuis cinq ans, animatrice territoriale au Centre social du Diois, j\u2019interviens aupr\u00e8s de collectifs d\u2019habitants, d\u2019associations et de collectivit\u00e9s locales sur les questions de logement, mobilit\u00e9, alimentation, sant\u00e9, acc\u00e8s aux droits, lien social&#8230; Cofondatrice de la Turbine \u00e0 Graines en 2013,\u00a0 je contribue aujourd\u2019hui \u00e0 cette aventure collective en tant qu\u2019intervenante alli\u00e9e.<\/p>\n<p>\u00a0<\/p>\n<p><strong>Morgane Gonnet &#8211; <em>Bato Loco &#8211; Animatrice et\u00a0 formatrice d\u2019\u00e9ducation populaire<\/em><\/strong><\/p>\n<div dir=\"auto\">De la solidarit\u00e9 internationale \u00e0 l\u2019action locale, Morgane a rencontr\u00e9 l\u2019\u00e9ducation populaire politique \u00e0 travers ses divers engagements. Elle a co-fond\u00e9 et co-port\u00e9 la Turbine \u00e0 Graines pendant 6 ans et continue actuellement en tant qu\u2019intervenante, accompagnatrice et formatrice d\u2019\u00e9ducation populaire. Auparavant, elle a travaill\u00e9 et milit\u00e9 dans diff\u00e9rents collectifs citoyens, associations et structures \u00e0 Marseille. En parall\u00e8le \u00e0 ses engagements, elle s\u2019est form\u00e9e aupr\u00e8s d\u2019associations d\u2019\u00e9ducation populaire pour ensuite continuer vers l\u2019accompagnement et la formation de personnes engag\u00e9es dans des d\u00e9marches de transformation sociale. Ses divers engagements l\u2019ont amen\u00e9 \u00e0 s\u2019int\u00e9resser \u00e0 l\u2019exp\u00e9rimentation permanente, au(x) fonctionnement(s) collectif(s), aux dynamiques de groupe et aux questions de coop\u00e9ration, de transformation sociale et d\u2019autogestion. Elle porte aussi une attention particuli\u00e8re aux questions de genre, de rapport au corps, \u00e0 la posture \u00e9ducative et \u00e0 la relation de soin et d\u2019accompagnement.<\/div>\n<div dir=\"auto\">\u00a0<\/div>\n<p><strong>Nina Jail &#8211; <em>Le Nousistan &#8211; formatrice en \u00e9ducation populaire<\/em><br \/><\/strong><\/p>\n<p><em>Formation initiale<\/em> : Licence en Sciences politiques, en G\u00e9ographie et Environnement, Master en D\u00e9veloppement local. Formations en \u00e9ducation populaire, \u00e0 la socianalyse, au Process work, aux cercles restauratifs.<\/p>\n<p><em><br \/>Parcours\u00a0<\/em>: Comment embrasser le monde et sa complexit\u00e9\u00a0? Comment participer \u00e0 modeler les transformations que je souhaite vivre et voir advenir autour de moi\u00a0? Honn\u00eatement, je n\u2019ai pas de r\u00e9ponses cat\u00e9goriques, toutefois j\u2019ai quelques id\u00e9es que je suis toujours friande d\u2019enrichir. Ces id\u00e9es je les exp\u00e9rimente, depuis quinze ans\u00a0: travail dans le monde associatif, culturel, du commerce, des fondations, du d\u00e9veloppement \u00e0 l\u2019international, de l\u2019\u00e9ducation populaire, de l\u2019architecture, agricole\u2026 Entre la France et le Mexique, entre autogestion et syst\u00e8me tout \u00e0 fait bien hi\u00e9rarchique. Aujourd\u2019hui mon focus s\u2019est orient\u00e9 vers la formation et l\u2019accompagnement de groupes en difficult\u00e9s. Voil\u00e0 ce qui m\u2019anime\u00a0: accompagner \u00e0 ce que les \u00e9quipes, les collectifs (re)trouvent leur potentiel d\u2019action et de r\u00e9flexion critique pour mieux transformer nos mondes.<em><br \/><\/em><\/p>\n<p>\u00a0<\/p>\n<p><strong>Magali Arnould &#8211; <em>socianalyste et formatrice en analyse institutionnelle<\/em><br \/><\/strong><\/p>\n<p>J&rsquo;ai longtemps \u00e9t\u00e9 partag\u00e9e et divis\u00e9e entre un travail intellectuel et un travail artistique. Quand mon activit\u00e9 est artistique ma raison crie famine ; quand je m\u00e8ne un travail plut\u00f4t r\u00e9flexif, mon expression sensible est entrav\u00e9e. Ces deux rapports au monde, ces deux activit\u00e9s singuli\u00e8res, ces deux postures me semblaient impossible \u00e0 conjuguer, voire m\u00eame plut\u00f4t oppos\u00e9s, jusqu\u2019\u00e0 ce que je rencontre l&rsquo;analyse institutionnelle et ses applications. Les dispositifs que nous mettons en place en tant que socianalyste, font appel \u00e0 des techniques que j&rsquo;ai pu aiguiser, aux exigences et \u00e0 la rigueur propres \u00e0 ces deux processus de production.<\/p>\n<p>\u00a0<\/p>\n<hr \/>\n<p><strong>Nos alli\u00e9es admin<\/strong> : Julie Weirich et Juliette Bertrand<\/p>\n<hr \/>\n<p><strong>Nos alli\u00e9-es du <\/strong><a href=\"https:\/\/reseaucrefad.org\/fonctionnement\/#annuaire\">r\u00e9seau des CREFAD<\/a><\/p>\n<hr \/>\n<p><strong>Et tous-tes nos alli\u00e9-es de l&rsquo;\u00e9ducation populaires<\/strong> &gt; voir la page <a href=\"https:\/\/laturbineagraines.net\/index.php\/nos-amis-2\/\">Nos ami-es<\/a><\/p>\n\n\n<p><\/p>\n","protected":false},"excerpt":{"rendered":"<p>L\u2019e\u0301quipe des porteur-e-s de projet de La Turbine \u00e0 Graines est constitue\u0301e actuellement de personnes expe\u0301rimentant un fonctionnement d\u2019e\u0301quipe horizontal et coope\u0301ratif. Nous fonctionnons en collectif d\u2019intervenant-e-s, ce qui favorise l\u2019inventivite\u0301 et la finesse d\u2019analyse par le croisement de regards sur les situations, ainsi que la prise de recul. C\u2019est dans le d\u00e9sir d\u2019exp\u00e9rimenter l\u2019autogestion &hellip; <a href=\"https:\/\/laturbineagraines.net\/index.php\/page-d-exemple\/lequipe\/\" class=\"more-link\">Continuer la lecture de <span class=\"screen-reader-text\">La Turbine, c&rsquo;est qui ?<\/span> <span class=\"meta-nav\">&rarr;<\/span><\/a><\/p>\n","protected":false},"author":3,"featured_media":0,"parent":2,"menu_order":0,"comment_status":"closed","ping_status":"closed","template":"","meta":{"footnotes":""},"class_list":["post-20","page","type-page","status-publish","hentry"],"_links":{"self":[{"href":"https:\/\/laturbineagraines.net\/index.php\/wp-json\/wp\/v2\/pages\/20","targetHints":{"allow":["GET"]}}],"collection":[{"href":"https:\/\/laturbineagraines.net\/index.php\/wp-json\/wp\/v2\/pages"}],"about":[{"href":"https:\/\/laturbineagraines.net\/index.php\/wp-json\/wp\/v2\/types\/page"}],"author":[{"embeddable":true,"href":"https:\/\/laturbineagraines.net\/index.php\/wp-json\/wp\/v2\/users\/3"}],"replies":[{"embeddable":true,"href":"https:\/\/laturbineagraines.net\/index.php\/wp-json\/wp\/v2\/comments?post=20"}],"version-history":[{"count":77,"href":"https:\/\/laturbineagraines.net\/index.php\/wp-json\/wp\/v2\/pages\/20\/revisions"}],"predecessor-version":[{"id":2380,"href":"https:\/\/laturbineagraines.net\/index.php\/wp-json\/wp\/v2\/pages\/20\/revisions\/2380"}],"up":[{"embeddable":true,"href":"https:\/\/laturbineagraines.net\/index.php\/wp-json\/wp\/v2\/pages\/2"}],"wp:attachment":[{"href":"https:\/\/laturbineagraines.net\/index.php\/wp-json\/wp\/v2\/media?parent=20"}],"curies":[{"name":"wp","href":"https:\/\/api.w.org\/{rel}","templated":true}]}}