{"id":35,"date":"2015-12-22T14:22:02","date_gmt":"2015-12-22T13:22:02","guid":{"rendered":"http:\/\/laturbineagraines.net\/?page_id=35"},"modified":"2022-12-09T10:50:12","modified_gmt":"2022-12-09T09:50:12","slug":"tarifs-et-financements","status":"publish","type":"page","link":"https:\/\/laturbineagraines.net\/index.php\/la-formation-turbine\/tarifs-et-financements\/","title":{"rendered":"Tarifs et financements"},"content":{"rendered":"<div class=\"page\" title=\"Page 1\">\n<div class=\"layoutArea\">\n<div class=\"column\">\n<p><strong>Tarifs et financements\u00a0: la formation pour tou-tes, tout au long de la vie\u00a0!<\/strong><\/p>\n<p align=\"JUSTIFY\">L&rsquo;argent ne doit pas \u00eatre un frein\u00a0! Nous d\u00e9fendons concr\u00e8tement la possibilit\u00e9 pour tou-te-s de se former tout au long de la vie, quelle que soit ses conditions de ressources, c\u2019est un id\u00e9al d\u2019\u00e9ducation populaire qui nous tient \u00e0 c\u0153ur.<\/p>\n<p align=\"JUSTIFY\"><strong>Utilisez vos droits \u00e0 la formation\u00a0!<\/strong><\/p>\n<p align=\"JUSTIFY\">La Turbine \u00e0 Graines est reconnue organisme de formation professionnelle, vous pouvez mobilisez vos droits \u00e0 la formation.<\/p>\n<p align=\"JUSTIFY\"><span style=\"text-decoration: underline;\">Pour les salari\u00e9-es<\/span>, renseignez-vous aupr\u00e8s de votre employeur-se, de votre d\u00e9l\u00e9gu\u00e9-e du personnel, ou directement aupr\u00e8s de votre OPCO (organisme collecteur et financeur). Vous pouvez connaitre votre OPCO <a href=\"https:\/\/www.opco.fr\/liste-des-codes-ape\">gr\u00e2ce au code NAF\/APE<\/a> pr\u00e9sent sur votre fiche de paie.<\/p>\n<p align=\"JUSTIFY\"><span style=\"text-decoration: underline;\">Pour les ind\u00e9pendant-es<\/span>, vous devez contacter votre Fond Assurance-Formation, chaque situation est diff\u00e9rente. Pour les <a href=\"https:\/\/www.portail-autoentrepreneur.fr\/academie\/developpement\/formations\/droits-formation\">auto-entrepreneur.euses<\/a> vous b\u00e9n\u00e9ficiez de nouveaux fonds chaque ann\u00e9e quel que soit le montant de votre cotisation, renseignez-vous aupr\u00e8s de l&rsquo;AGEFICE ou du FIFPL!<\/p>\n<p align=\"JUSTIFY\"><span style=\"text-decoration: underline;\">Pour les demandeurs-ses d\u2019emploi<\/span>, renseignez-vous aupr\u00e8s de P\u00f4le emploi ou de la mission locale.<\/p>\n<p align=\"JUSTIFY\">\n<p align=\"JUSTIFY\"><strong>Le prix libre<\/strong><\/p>\n<\/div>\n<p>Pour les personnes (physiques ou morales) ne pouvant pas b\u00e9n\u00e9ficier d\u2019un financement, nous proposons de participer \u00e0 prix libre. C&rsquo;est pour nous une mani\u00e8re de travailler concr\u00e8tement la transformation sociale que nous visons :<\/p>\n<p>&#8211; Nous permettons \u00e0 chacun-e de se former quelle que soit ses revenus.<\/p>\n<p>&#8211; Nous animons un questionnement politique sur les valeurs d\u2019\u00e9change, sur la production de richesses, sur les solidarit\u00e9s concr\u00e8tes que l\u2019on peut mettre en place dans un collectif.<\/p>\n<p>&#8211; En articulant financement de formation professionnelle et prix libre, nous exp\u00e9rimentons un autre mod\u00e8le \u00e9conomique o\u00f9 nous tentons d&rsquo;incarner nos valeurs et nos principes politiques.<\/p>\n<p>Le prix libre implique aussi une notion de responsabilit\u00e9 individuelle et collective : de la part de personnes (physiques ou morales) qui ont peu de revenus, d&rsquo;assumer un prix bas ; de la part de celles qui sont privil\u00e9gi\u00e9.es de pouvoir donner plus, d&rsquo;assumer un prix solidaire vis \u00e0 vis d&rsquo;autres personnes, mais aussi en soutien au projet de l&rsquo;association.<\/p>\n<div class=\"column\">\n<p align=\"JUSTIFY\">Concr\u00e8tement comment \u00e7a marche ? Voir le d\u00e9tail de<a href=\"https:\/\/laturbineagraines.net\/wp-content\/uploads\/2021\/11\/Politique-tarifaire-Turbine-\u00e0-graines.pdf\"> notre politique tarifaire\u00a0 ici.<\/a><\/p>\n<p align=\"JUSTIFY\">\n<p align=\"JUSTIFY\"><strong>Frais annexes <\/strong><\/p>\n<p align=\"JUSTIFY\">Les frais d\u2019h\u00e9bergement sont r\u00e9gl\u00e9s par les participant-es. Certains des sites d\u2019accueil fonctionnent sur la participation libre et consciente. Pour les autres, nous faisons attention \u00e0 ce que les prix pratiqu\u00e9s restent modestes.<\/p>\n<p align=\"JUSTIFY\">Pour la restauration, nous proposons un fonctionnement en autogestion du groupe\u00a0: repas partag\u00e9s et cuisine confectionn\u00e9e collectivement \u00e0 partir des ingr\u00e9dients remmen\u00e9s par chacun-e.<\/p>\n<p align=\"JUSTIFY\">Pour vous inscrire, ou pour plus d\u2019informations<\/p>\n<p align=\"JUSTIFY\">Contactez-nous\u00a0! Nous pourrons \u00e9changer sur les contenus de formation et identifier ensemble les pistes de financements possibles.<\/p>\n<p align=\"JUSTIFY\"><a href=\"https:\/\/laturbineagraines.net\/wp-content\/uploads\/2021\/10\/Logo-Qualiopi-150dpi-Avec-Marianne.jpg\"><img loading=\"lazy\" decoding=\"async\" class=\"alignnone  wp-image-1402\" src=\"https:\/\/laturbineagraines.net\/wp-content\/uploads\/2021\/10\/Logo-Qualiopi-150dpi-Avec-Marianne-300x161.jpg\" alt=\"\" width=\"235\" height=\"126\" srcset=\"https:\/\/laturbineagraines.net\/wp-content\/uploads\/2021\/10\/Logo-Qualiopi-150dpi-Avec-Marianne-300x161.jpg 300w, https:\/\/laturbineagraines.net\/wp-content\/uploads\/2021\/10\/Logo-Qualiopi-150dpi-Avec-Marianne.jpg 317w\" sizes=\"auto, (max-width: 235px) 100vw, 235px\" \/><\/a><\/p>\n<p>La certification qualit\u00e9 a \u00e9t\u00e9 d\u00e9livr\u00e9e<\/p>\n<p>au titre de la cat\u00e9gorie : action de formation<\/p>\n<\/div>\n<\/div>\n<\/div>\n<p align=\"JUSTIFY\">\n","protected":false},"excerpt":{"rendered":"<p>Tarifs et financements\u00a0: la formation pour tou-tes, tout au long de la vie\u00a0! L&rsquo;argent ne doit pas \u00eatre un frein\u00a0! Nous d\u00e9fendons concr\u00e8tement la possibilit\u00e9 pour tou-te-s de se former tout au long de la vie, quelle que soit ses conditions de ressources, c\u2019est un id\u00e9al d\u2019\u00e9ducation populaire qui nous tient \u00e0 c\u0153ur. Utilisez vos &hellip; <a href=\"https:\/\/laturbineagraines.net\/index.php\/la-formation-turbine\/tarifs-et-financements\/\" class=\"more-link\">Continuer la lecture de <span class=\"screen-reader-text\">Tarifs et financements<\/span> <span class=\"meta-nav\">&rarr;<\/span><\/a><\/p>\n","protected":false},"author":3,"featured_media":0,"parent":9,"menu_order":0,"comment_status":"closed","ping_status":"closed","template":"","meta":{"footnotes":""},"class_list":["post-35","page","type-page","status-publish","hentry"],"_links":{"self":[{"href":"https:\/\/laturbineagraines.net\/index.php\/wp-json\/wp\/v2\/pages\/35","targetHints":{"allow":["GET"]}}],"collection":[{"href":"https:\/\/laturbineagraines.net\/index.php\/wp-json\/wp\/v2\/pages"}],"about":[{"href":"https:\/\/laturbineagraines.net\/index.php\/wp-json\/wp\/v2\/types\/page"}],"author":[{"embeddable":true,"href":"https:\/\/laturbineagraines.net\/index.php\/wp-json\/wp\/v2\/users\/3"}],"replies":[{"embeddable":true,"href":"https:\/\/laturbineagraines.net\/index.php\/wp-json\/wp\/v2\/comments?post=35"}],"version-history":[{"count":35,"href":"https:\/\/laturbineagraines.net\/index.php\/wp-json\/wp\/v2\/pages\/35\/revisions"}],"predecessor-version":[{"id":1937,"href":"https:\/\/laturbineagraines.net\/index.php\/wp-json\/wp\/v2\/pages\/35\/revisions\/1937"}],"up":[{"embeddable":true,"href":"https:\/\/laturbineagraines.net\/index.php\/wp-json\/wp\/v2\/pages\/9"}],"wp:attachment":[{"href":"https:\/\/laturbineagraines.net\/index.php\/wp-json\/wp\/v2\/media?parent=35"}],"curies":[{"name":"wp","href":"https:\/\/api.w.org\/{rel}","templated":true}]}}