{"id":41,"date":"2015-12-22T14:22:31","date_gmt":"2015-12-22T13:22:31","guid":{"rendered":"http:\/\/laturbineagraines.net\/?page_id=41"},"modified":"2021-11-17T11:11:58","modified_gmt":"2021-11-17T10:11:58","slug":"tarifs-et-financements-2","status":"publish","type":"page","link":"https:\/\/laturbineagraines.net\/index.php\/accompagnement-et-intervention\/tarifs-et-financements-2\/","title":{"rendered":"Tarifs et financements"},"content":{"rendered":"<p style=\"text-align: justify;\"><strong>Pour nos interventions et accompagnement, la Turbine \u00e0 Graines exp\u00e9rimente la participation n\u00e9goci\u00e9e, sur base d&rsquo;un tarif rep\u00e8re<\/strong>. Chaque aventure collective a besoin \u00e0 des moments de son histoire de faire appel \u00e0 des tiers facilitateur-rice-s, \u00e0 des \u00ab&nbsp;agitateurs-trices de transformation&nbsp;\u00bb. L\u2019intention est ici de rester accessible&nbsp;aux structures, collectivit\u00e9s et collectifs qui font appel \u00e0 nous.<\/p>\n<p style=\"text-align: justify;\">La participation n\u00e9goci\u00e9e c\u2019est une mani\u00e8re pour nous de soutenir concr\u00e8tement des projets qui nous mettent en mouvement, sans que les finances soient un crit\u00e8re discriminant. C\u2019est un moyen d\u2019exp\u00e9rimenter un mod\u00e8le \u00e9conomique qui nous anime politiquement, o\u00f9 l\u2019on met au travail la question de l\u2019argent et de la responsabilit\u00e9, et o\u00f9 se pense l\u2019articulation entre les ressources de chaque structure et l\u2019\u00e9quilibre financier de la Turbine \u00e0 Graines.<\/p>\n<p style=\"text-align: justify;\">Concr\u00e8tement, nous donnons des \u00ab&nbsp;tarifs rep\u00e8res&nbsp;\u00bb d\u2019intervention qui permettent \u00e0 chaque structure de se situer. Libre ensuite \u00e0 chacun-e de donner ce qui lui semble juste en fonction de ses moyens, de juger la mani\u00e8re dont il peut soutenir ce mod\u00e8le de solidarit\u00e9s concr\u00e8tes (c\u2019est parce qu\u2019il y en a qui peuvent donner \u00ab&nbsp;plus&nbsp;\u00bb que d\u2019autres peuvent donner \u00ab&nbsp;moins&nbsp;\u00bb sans fragiliser la Turbine \u00e0 Graines).<\/p>\n<p style=\"text-align: justify;\"><strong>Nous contacter pour \u00e9changer sur ce mod\u00e8le de participation n\u00e9goci\u00e9e et avoir nos \u00ab&nbsp;tarifs rep\u00e8res&nbsp;\u00bb.<\/strong><\/p>\n<p style=\"text-align: justify;\">La Turbine \u00e0 Graines est \u00e9galement r\u00e9f\u00e9renc\u00e9e comme prestataire pour le Dispositif Local d\u2019Accompagnement. Le DLA permet aux structures d\u2019utilit\u00e9 sociale&nbsp;employeuses (associations, structures d\u2019insertion par l\u2019activit\u00e9 \u00e9conomique, coop\u00e9rative \u00e0 finalit\u00e9 sociale) de b\u00e9n\u00e9ficier d\u2019accompagnement pour consolider et d\u00e9velopper leurs activit\u00e9s et leur emploi.<\/p>\n<p style=\"text-align: justify;\">\n","protected":false},"excerpt":{"rendered":"<p>Pour nos interventions et accompagnement, la Turbine \u00e0 Graines exp\u00e9rimente la participation n\u00e9goci\u00e9e, sur base d&rsquo;un tarif rep\u00e8re. Chaque aventure collective a besoin \u00e0 des moments de son histoire de faire appel \u00e0 des tiers facilitateur-rice-s, \u00e0 des \u00ab&nbsp;agitateurs-trices de transformation&nbsp;\u00bb. L\u2019intention est ici de rester accessible&nbsp;aux structures, collectivit\u00e9s et collectifs qui font appel \u00e0 &hellip; <a href=\"https:\/\/laturbineagraines.net\/index.php\/accompagnement-et-intervention\/tarifs-et-financements-2\/\" class=\"more-link\">Continuer la lecture de <span class=\"screen-reader-text\">Tarifs et financements<\/span> <span class=\"meta-nav\">&rarr;<\/span><\/a><\/p>\n","protected":false},"author":3,"featured_media":0,"parent":12,"menu_order":0,"comment_status":"closed","ping_status":"closed","template":"","meta":{"footnotes":""},"class_list":["post-41","page","type-page","status-publish","hentry"],"_links":{"self":[{"href":"https:\/\/laturbineagraines.net\/index.php\/wp-json\/wp\/v2\/pages\/41","targetHints":{"allow":["GET"]}}],"collection":[{"href":"https:\/\/laturbineagraines.net\/index.php\/wp-json\/wp\/v2\/pages"}],"about":[{"href":"https:\/\/laturbineagraines.net\/index.php\/wp-json\/wp\/v2\/types\/page"}],"author":[{"embeddable":true,"href":"https:\/\/laturbineagraines.net\/index.php\/wp-json\/wp\/v2\/users\/3"}],"replies":[{"embeddable":true,"href":"https:\/\/laturbineagraines.net\/index.php\/wp-json\/wp\/v2\/comments?post=41"}],"version-history":[{"count":10,"href":"https:\/\/laturbineagraines.net\/index.php\/wp-json\/wp\/v2\/pages\/41\/revisions"}],"predecessor-version":[{"id":1508,"href":"https:\/\/laturbineagraines.net\/index.php\/wp-json\/wp\/v2\/pages\/41\/revisions\/1508"}],"up":[{"embeddable":true,"href":"https:\/\/laturbineagraines.net\/index.php\/wp-json\/wp\/v2\/pages\/12"}],"wp:attachment":[{"href":"https:\/\/laturbineagraines.net\/index.php\/wp-json\/wp\/v2\/media?parent=41"}],"curies":[{"name":"wp","href":"https:\/\/api.w.org\/{rel}","templated":true}]}}