{"id":56,"date":"2015-12-22T14:23:48","date_gmt":"2015-12-22T13:23:48","guid":{"rendered":"http:\/\/laturbineagraines.net\/?page_id=56"},"modified":"2024-10-07T21:30:36","modified_gmt":"2024-10-07T20:30:36","slug":"contact","status":"publish","type":"page","link":"https:\/\/laturbineagraines.net\/index.php\/contact\/","title":{"rendered":"Contact &#8211; Infos pratiques"},"content":{"rendered":"\n<iframe data-w-type=\"embedded\" scrolling=\"no\" marginheight=\"0\" marginwidth=\"0\" src=\"https:\/\/x4upr.mjt.lu\/wgt\/x4upr\/unp\/form?c=0fa7723d\" width=\"100%\" frameborder=\"0\"><\/iframe>\n\n<script type=\"text\/javascript\" src=\"https:\/\/app.mailjet.com\/pas-nc-embedded-v1.js\"><\/script>\n\n\n<p style=\"text-align: left;\"><strong>Association La Turbine \u00e0 graines<\/strong><br>50, Rue de la Gare<br>26340 Saillans<\/p>\n<p style=\"text-align: left;\">(Si\u00e8ge social)<\/p>\n<p style=\"text-align: left;\">N\u00b0 SIRET : 80506474800033<br>N\u00b0 D\u00e9claration OF : 82260241226<\/p>\n<p style=\"text-align: left;\">contact@laturbineagraines.net<\/p>\n<p style=\"text-align: left;\">Wim De Lamotte : 06 28 36 63 34<\/p>\n<p style=\"text-align: left;\">Perrine Boissier : 06 61 38 47 67<\/p>\n<p style=\"text-align: left;\">&nbsp;<\/p>\n\n\n<p><\/p>\n\n\n\n<h2 class=\"wp-block-heading\">Acc\u00e8s aux lieux de formation<\/h2>\n\n\n\n<p>Nos formations ont lieu en Dr\u00f4me, en Is\u00e8re ou en Hautes-Alpes, dans les lieux d&rsquo;accueil suivants :<\/p>\n\n\n\n<p><a href=\"http:\/\/www.habiterre.org\/maison-commune\/\">Habiterre<\/a> &#8211; 1120, Chemin des Combes &#8211; 26150 Die (gare la plus proche Die) <a href=\"https:\/\/laturbineagraines.net\/wp-content\/uploads\/2021\/09\/livret-accueil-Habiterre.pdf\">T\u00e9l\u00e9charger le livret d&rsquo;accueil&nbsp;ici<\/a><\/p>\n\n\n\n<p><a href=\"https:\/\/www.labajart.com\/\">La Baj&rsquo;Art<\/a>, 20 rue de la Bajati\u00e8re, 38100 Grenoble (Tram A arr\u00eat Lyc\u00e9e Emmanuel Mounier ou Bus C4 arr\u00eats Bajati\u00e8re ou Mallifaud. Espace autog\u00e9r\u00e9 <a href=\"https:\/\/laturbineagraines.net\/wp-content\/uploads\/2024\/05\/23-24_R\u00e8glement-int\u00e9rieur-La-BajArt.pdf\">t\u00e9l\u00e9chargez ici le guide d&rsquo;acueil et reglement int\u00e9rieur<\/a><\/p>\n\n\n\n<p> <a href=\"http:\/\/www.villagesdesjeunes.org\/index.php\/noslieuxdaccueil\/vaunieres\/\">Le Hameau de Vauni\u00e8res<\/a> &#8211; 05140 St Julien en Beauch\u00eane (gare Lus la Croix-hautes) <a href=\"https:\/\/laturbineagraines.net\/wp-content\/uploads\/2021\/09\/Livret-accueil-Vaunieres.pdf\">T\u00e9l\u00e9charger le livret d&rsquo;accueil<\/a><\/p>\n\n\n\n<p><a href=\"http:\/\/www.villagesdesjeunes.org\/index.php\/noslieuxdaccueil\/lefai\/\">La ferme du Fa\u00ef<\/a> &#8211; 05400 Le Saix (gare la plus proche Veynes ou Aspres sur Bu\u00ebch)<\/p>\n\n\n\n<p>Avant chaque formation ou intervention, nous envoyons un mail d&rsquo;information pratiques dans lequel nous mettons en relation les stagiaires pour organiser entre elle-eux des mutualisations (covoiturage, mat\u00e9riel, ressources, etc.)<\/p>\n\n\n\n<p><br><\/p>\n\n\n\n<p><\/p>\n","protected":false},"excerpt":{"rendered":"<p>Association La Turbine \u00e0 graines50, Rue de la Gare26340 Saillans (Si\u00e8ge social) N\u00b0 SIRET : 80506474800033N\u00b0 D\u00e9claration OF : 82260241226 contact@laturbineagraines.net Wim De Lamotte : 06 28 36 63 34 Perrine Boissier : 06 61 38 47 67 &nbsp; Acc\u00e8s aux lieux de formation Nos formations ont lieu en Dr\u00f4me, en Is\u00e8re ou en Hautes-Alpes, &hellip; <a href=\"https:\/\/laturbineagraines.net\/index.php\/contact\/\" class=\"more-link\">Continuer la lecture de <span class=\"screen-reader-text\">Contact &#8211; Infos pratiques<\/span> <span class=\"meta-nav\">&rarr;<\/span><\/a><\/p>\n","protected":false},"author":3,"featured_media":0,"parent":0,"menu_order":0,"comment_status":"closed","ping_status":"closed","template":"","meta":{"footnotes":""},"class_list":["post-56","page","type-page","status-publish","hentry"],"_links":{"self":[{"href":"https:\/\/laturbineagraines.net\/index.php\/wp-json\/wp\/v2\/pages\/56","targetHints":{"allow":["GET"]}}],"collection":[{"href":"https:\/\/laturbineagraines.net\/index.php\/wp-json\/wp\/v2\/pages"}],"about":[{"href":"https:\/\/laturbineagraines.net\/index.php\/wp-json\/wp\/v2\/types\/page"}],"author":[{"embeddable":true,"href":"https:\/\/laturbineagraines.net\/index.php\/wp-json\/wp\/v2\/users\/3"}],"replies":[{"embeddable":true,"href":"https:\/\/laturbineagraines.net\/index.php\/wp-json\/wp\/v2\/comments?post=56"}],"version-history":[{"count":67,"href":"https:\/\/laturbineagraines.net\/index.php\/wp-json\/wp\/v2\/pages\/56\/revisions"}],"predecessor-version":[{"id":2487,"href":"https:\/\/laturbineagraines.net\/index.php\/wp-json\/wp\/v2\/pages\/56\/revisions\/2487"}],"wp:attachment":[{"href":"https:\/\/laturbineagraines.net\/index.php\/wp-json\/wp\/v2\/media?parent=56"}],"curies":[{"name":"wp","href":"https:\/\/api.w.org\/{rel}","templated":true}]}}