{"id":597,"date":"2017-01-25T16:26:08","date_gmt":"2017-01-25T15:26:08","guid":{"rendered":"http:\/\/laturbineagraines.net\/?page_id=597"},"modified":"2026-05-07T20:53:36","modified_gmt":"2026-05-07T19:53:36","slug":"actu","status":"publish","type":"page","link":"https:\/\/laturbineagraines.net\/","title":{"rendered":"LES ACTUS"},"content":{"rendered":"\n<iframe data-w-type=\"embedded\" scrolling=\"no\" marginheight=\"0\" marginwidth=\"0\" src=\"https:\/\/x4upr.mjt.lu\/wgt\/x4upr\/unp\/form?c=0fa7723d\" width=\"100%\" frameborder=\"0\"><\/iframe>\n\n<script type=\"text\/javascript\" src=\"https:\/\/app.mailjet.com\/pas-nc-embedded-v1.js\"><\/script>\n\n\n<h1 style=\"padding-left: 30px; text-align: left;\" align=\"justify\">Nos ateliers-formations \u00e0 venir<\/h1>\n<div>\n<div>\n<div class=\"ace-line\" aria-live=\"assertive\">\n<div aria-live=\"assertive\">\u00a0<\/div>\n<h2 class=\"western\"><a href=\"https:\/\/laturbineagraines.net\/index.php\/la-formation-turbine\/calendrier\/?preview=true#MODOP\">La Transformation de conflits\u00a0<\/a><\/h2>\n<h4 class=\"western\"><em>Analyse des violences syst\u00e9miques pour une soci\u00e9t\u00e9 d\u00e9mocratique.<\/em><\/h4>\n<p class=\"western\"><strong>Du 15 au 18 juin 2026 \u2013 La Baj\u2019Art \u2013 38100 Grenoble \u2013 hors r\u00e9sidence \u2013 <em>Anim\u00e9 par Modus Operandi<\/em><\/strong><\/p>\n<\/div>\n<div aria-live=\"assertive\">Cette formation vise \u00e0 r\u00e9pondre \u00e0 des besoins d&rsquo;analyse syst\u00e9mique et d&rsquo;action. Elle propose des outils conceptuels et des principes d&rsquo;action pour travailler \u00e0 faire des conflits des opportunit\u00e9s de transformations sociales. L&rsquo;id\u00e9e est d&rsquo;outiller toute personne volontaire, \u00e0 partir de son\/ses lieux d\u2019implication (professionnel, militant, b\u00e9n\u00e9vole, citoyen), dans le but d\u2019analyser les conflits en pr\u00e9sence et les syst\u00e8mes de domination qui les sous-tendent. La m\u00e9thodologie choisie s&rsquo;appuie sur une approche pluridisciplinaire, interculturelle et multi-acteurs ; dans une dimension r\u00e9flexive.<\/div>\n<\/div>\n<div aria-live=\"assertive\">\u00a0<\/div>\n<div aria-live=\"assertive\">Cette formation est anim\u00e9e par Modus Operandi, une association d\u2019action-recherche cr\u00e9\u00e9e \u00e0 Grenoble en 2006. Elle \u00e9tudie le conflit \u00e0 partir de l\u2019approche de conflict transformation. Il s\u2019agit de reconna\u00eetre que toute soci\u00e9t\u00e9 est travers\u00e9e de conflits, qu\u2019ils peuvent l\u2019aider \u00e0 progresser si on s\u2019efforce d\u2019analyser leurs causes structurelles, pour identifier les transformations sociales \u00e0 mettre en \u0153uvre.<\/div>\n<div>\n<div aria-live=\"assertive\">\u00a0<\/div>\n<div aria-live=\"assertive\"><u><a href=\"https:\/\/laturbineagraines.net\/index.php\/la-formation-turbine\/calendrier\/?preview=true#MODOP\">Plus de d\u00e9tails, programme et note d&rsquo;intentions ici<\/a><\/u><\/div>\n<\/div>\n<\/div>\n<div aria-live=\"assertive\">\u00a0<\/div>\n<div aria-live=\"assertive\">\n<h2>Questionner nos pratiques d&rsquo;\u00e9ducation populaire : animer, accompagner, \u00e9duquer ou agiter ?<\/h2>\n<p><strong>Le 19 juin 2026 \u00e0 la MVAC de Grenoble, <em>formation gratuite port\u00e9e par la MVAC.<\/em><\/strong><\/p>\n<p>Il s&rsquo;agira d&rsquo;apprendre \u00e0 se situer dans ses pratiques, \u00e0 travers l&rsquo;exploration de ses intentions et de ses implications, au sens de ce qui nous engage, nous met en mouvement et nous attrape particuli\u00e8rement.<\/p>\n<p>La Turbine \u00e0 Graines s\u2019appuiera sur le r\u00e9cit et l&rsquo;analyse des pratiques d&rsquo;\u00e9ducation populaire de chacun-e, pour aller vers une d\u00e9finition de sa posture. Puis, elle proposera une visite des d\u00e9finitions des contradictions \u00e9thiques et des pratiques travers\u00e9es.<\/p>\n<p>Des outils d&rsquo;analyse de pratiques, \u00e9labor\u00e9s par la Turbine \u00e0 Graines \u00e0 partir de ses propres exp\u00e9riences et questionnement sur l&rsquo;\u00e9ducation populaire, seront propos\u00e9s lors de ce temps de formation.<\/p>\n<p>+<a href=\"https:\/\/www.grenoble.fr\/agenda\/5554\/321-questionner-nos-pratiques-d-education-populaire.htm\"> d&rsquo;infos et inscription par ce lien sur le site de la MVAC de Grenoble\u00a0<\/a><\/p>\n<\/div>\n<div aria-live=\"assertive\">\u00a0<\/div>\n<div>\n<div>\n<div class=\"ace-line\" aria-live=\"assertive\"><strong>Tous nos ateliers formations sont publi\u00e9s sur la page <a href=\"https:\/\/laturbineagraines.net\/index.php\/calendrier\/\">Calendrier de Formations.<\/a><\/strong><\/div>\n<p class=\"western\">\u00a0<\/p>\n<\/div>\n<\/div>\n<p><!--more--><\/p>\n<div>voir aussi :<\/div>\n<div><a href=\"https:\/\/laturbineagraines.net\/index.php\/page-d-exemple\/\">La Turbine, c\u2019est quoi?<\/a><\/div>\n<div><a href=\"https:\/\/laturbineagraines.net\/index.php\/nos-principes-dintervention\/\">Nos principes d\u2019intervention<\/a><\/div>\n<div><a href=\"https:\/\/laturbineagraines.net\/index.php\/la-turbine-cest-qui\/\">La Turbine, c\u2019est qui?<\/a><\/div>\n<div>\u00a0<\/div>\n\n<div class=\"wp-block-image is-resized\">\n<figure class=\"alignleft\"><img loading=\"lazy\" decoding=\"async\" width=\"317\" height=\"170\" src=\"https:\/\/laturbineagraines.net\/wp-content\/uploads\/2021\/10\/Logo-Qualiopi-150dpi-Avec-Marianne.jpg\" alt=\"\" class=\"wp-image-1402\" srcset=\"https:\/\/laturbineagraines.net\/wp-content\/uploads\/2021\/10\/Logo-Qualiopi-150dpi-Avec-Marianne.jpg 317w, https:\/\/laturbineagraines.net\/wp-content\/uploads\/2021\/10\/Logo-Qualiopi-150dpi-Avec-Marianne-300x161.jpg 300w\" sizes=\"auto, (max-width: 317px) 100vw, 317px\" \/><figcaption class=\"wp-element-caption\">La certification qualit\u00e9 a \u00e9t\u00e9 d\u00e9livr\u00e9e au titre de la cat\u00e9gorie : action de formation.<\/figcaption><\/figure>\n<\/div>\n\n\n<p><\/p>\n\n\n\n<p><\/p>\n\n\n\n<p><\/p>\n\n\n\n<p><\/p>\n\n\n\n<p><a href=\"https:\/\/laturbineagraines.net\/wp-content\/uploads\/2024\/08\/LA-TURBINE-A-GRAINES-Certificat-Rev-01.pdf.pdf\">T\u00e9l\u00e9chargez ici le certificat.<\/a><\/p>\n\n\n\n<h2 class=\"wp-block-heading\">Notre dernier \u00e9dito :<\/h2>\n\n\n\n<p><em>Lettre d&rsquo;info #42 &#8211; septembre 2025 <\/em><\/p>\n\n\n<div class=\"wp-block-image\">\n<figure class=\"aligncenter size-large\"><a href=\"https:\/\/laturbineagraines.net\/wp-content\/uploads\/2025\/09\/PERTURBER-mot-scaled.jpg\"><img loading=\"lazy\" decoding=\"async\" width=\"1024\" height=\"724\" src=\"https:\/\/laturbineagraines.net\/wp-content\/uploads\/2025\/09\/PERTURBER-mot-1024x724.jpg\" alt=\"\" class=\"wp-image-2677\" srcset=\"https:\/\/laturbineagraines.net\/wp-content\/uploads\/2025\/09\/PERTURBER-mot-1024x724.jpg 1024w, https:\/\/laturbineagraines.net\/wp-content\/uploads\/2025\/09\/PERTURBER-mot-300x212.jpg 300w, https:\/\/laturbineagraines.net\/wp-content\/uploads\/2025\/09\/PERTURBER-mot-768x543.jpg 768w, https:\/\/laturbineagraines.net\/wp-content\/uploads\/2025\/09\/PERTURBER-mot-1536x1086.jpg 1536w, https:\/\/laturbineagraines.net\/wp-content\/uploads\/2025\/09\/PERTURBER-mot-2048x1448.jpg 2048w\" sizes=\"auto, (max-width: 1024px) 100vw, 1024px\" \/><\/a><\/figure>\n<\/div>\n\n\n<p class=\"has-text-align-right\"><em><sub>Illustration Sandra Wieser pour l&rsquo;\u00e9dition \u00ab\u00a0Take a little piece of care\u00a0\u00bb de <a href=\"http:\/\/compagniestrates.org\" target=\"_blank\" rel=\"noreferrer noopener\">compagniestrates.org<\/a><\/sub><\/em><\/p>\n\n\n\n<h2 class=\"wp-block-heading has-text-align-center\"><strong>D\u00e9coloniser nos corps<\/strong><\/h2>\n\n\n\n<p>Une ann\u00e9e a pass\u00e9 depuis notre dernier \u00e9dito, durant laquelle macro et micropolitique n\u2019ont cess\u00e9 de se faire \u00e9chos. Nous avons \u00e9t\u00e9 fort pris\u00b7e entre les remous politiques et nos remous int\u00e9rieurs. Plus que jamais, le vieux slogan r\u00e9sonne pour nous&nbsp;: L\u2019intime est politique.<\/p>\n\n\n\n<p>Alors que les grands proc\u00e8s m\u00e9diatis\u00e9s continuent de briser le silence des victimes de violences intrafamiliales, scolaires, m\u00e9dicales \u00e0 une \u00e9chelle inou\u00efe, chacun\u00b7e est invit\u00e9\u00b7e \u00e0 revisiter son histoire personnelle. En France, les collectifs militants s\u2019emparent de plus en plus des questions de domination et de violence, se confrontant \u00e0 un syst\u00e8me solidement arrim\u00e9 \u00e0 l\u2019int\u00e9rieur de chacun\u00b7e de nous, des sch\u00e9mas int\u00e9gr\u00e9s qu\u2019il s\u2019agit de regarder en face et de d\u00e9construire profond\u00e9ment. Le d\u00e9fi est grand quand il s\u2019agit de plonger en soi, y d\u00e9couvrir toujours plus comment la violence sociale fa\u00e7onne nos intimes, et y rencontrer notre propre violence, individuelle et collective.&nbsp;<\/p>\n\n\n\n<p>Dans nos accompagnements, nous voyons cet id\u00e9al fondamental de faire dispara\u00eetre la violence se confronter \u00e0 la dure r\u00e9alit\u00e9 de sa reproduction. L\u2019ampleur et la difficult\u00e9 du travail n\u00e9cessaire peut donner un sentiment d\u2019\u00e9chec aux collectifs o\u00f9 parfois la d\u00e9nonciation de la violence se transforme en contr\u00f4le g\u00e9n\u00e9ralis\u00e9 et engendre de nouvelles souffrances. Comment faire cesser le cycle des violences&nbsp;?&nbsp;<\/p>\n\n\n\n<p>Depuis plusieurs ann\u00e9es, nous creusons dans les racines du patriarcat pour comprendre les m\u00e9canismes de ces violences. bell hooks l\u2019identifie dans l\u2019\u00e9ducation viriliste des petits gar\u00e7ons, <a href=\"http:\/\/x4upr.mjt.lu\/lnk\/AWMAAHlAGY4AAc5yKTIAAAGbx2kAAAAALh0AAD0SABCpfQBov8dBvzXKVesRQP6CUs3SJYANxQAQWlQ\/1\/o4nyQdet0U72cmkjWSVdAw\/aHR0cHM6Ly93d3cuZWRpdGlvbnNkaXZlcmdlbmNlcy5jb20vbGl2cmUvbGEtdm9sb250ZS1kZS1jaGFuZ2VyLWxlcy1ob21tZXMtbGEtbWFzY3VsaW5pdGUtZXQtbGFtb3Vy\" target=\"_blank\" rel=\"noreferrer noopener\"><u>coup\u00e9s de leur sensibilit\u00e9 d\u00e8s le plus jeune \u00e2ge<\/u><\/a>. Doroth\u00e9e Dussy situe l\u2019inceste comme <a href=\"http:\/\/x4upr.mjt.lu\/lnk\/AWMAAHlAGY4AAc5yKTIAAAGbx2kAAAAALh0AAD0SABCpfQBov8dBvzXKVesRQP6CUs3SJYANxQAQWlQ\/2\/e-QoBW0sQ9AzIS_zTDvYsw\/aHR0cHM6Ly93d3cueW91dHViZS5jb20vd2F0Y2g_dj1Rc3Ntbno1aGZTTQ\" target=\"_blank\" rel=\"noreferrer noopener\"><u>\u00ab&nbsp;le berceau des dominations&nbsp;\u00bb,<\/u><\/a> en d\u00e9non\u00e7ant un syst\u00e8me g\u00e9n\u00e9ralis\u00e9 de la violence intrafamiliale o\u00f9 le tabou n\u2019est pas de la commettre, mais de la dire, perp\u00e9tuant la violence de g\u00e9n\u00e9rations en g\u00e9n\u00e9rations. Muriel Salmona, qui met en lumi\u00e8re le ph\u00e9nom\u00e8ne de \u00ab&nbsp;colonisation psychique&nbsp;\u00bb des victimes de violences sexuelles par leur agresseur, d\u00e9crit <a href=\"http:\/\/x4upr.mjt.lu\/lnk\/AWMAAHlAGY4AAc5yKTIAAAGbx2kAAAAALh0AAD0SABCpfQBov8dBvzXKVesRQP6CUs3SJYANxQAQWlQ\/3\/qIGDJdGwUzxt2x--xQ4G6A\/aHR0cHM6Ly93d3cuZHVub2QuY29tL3NjaWVuY2VzLWh1bWFpbmVzLWV0LXNvY2lhbGVzL2VucmF5ZXItZmFicmlxdWUtYWdyZXNzZXVycy1zZXh1ZWxz\" target=\"_blank\" rel=\"noreferrer noopener\"><u>le sch\u00e9ma de la reproduction des violences<\/u><\/a> par la r\u00e9activation d\u2019une m\u00e9moire traumatique non trait\u00e9e, alertant sur le fait qu\u2019une victime risque d\u2019\u00eatre \u00ab agie par l\u2019agresseur en elle&nbsp;\u00bb.<\/p>\n\n\n\n<p>Aujourd\u2019hui, nous faisons le lien entre cette notion de colonisation par l\u2019agresseur et celle de colonialit\u00e9. <a href=\"http:\/\/x4upr.mjt.lu\/lnk\/AWMAAHlAGY4AAc5yKTIAAAGbx2kAAAAALh0AAD0SABCpfQBov8dBvzXKVesRQP6CUs3SJYANxQAQWlQ\/4\/0eFE_YyDmVtOhfEAoxgBxw\/aHR0cHM6Ly9pcmVzbW8uamltZG9mcmVlLmNvbS8yMDE4LzA0LzEzL3F1LWVzdC1jZS1xdWUtbGEtY29sb25pYWxpdMOpLw\" target=\"_blank\" rel=\"noreferrer noopener\"><u>Colonialit\u00e9<\/u><\/a> au sens de ce qui reste int\u00e9gr\u00e9 en nous apr\u00e8s la colonisation, comme r\u00e9flexes, sch\u00e9mas de pens\u00e9es, ressentiments, diff\u00e9renciation alt\u00e9r\u00e9e entre soi et l\u2019autre qui organisent les rapports sociaux. C\u2019est en rencontrant <em>Otratierra \u2013 \u00e9cole d\u2019artivisme, <\/em>dans leur formation \u00ab&nbsp;Utopie familiale et f\u00e9minisme d\u00e9colonial&nbsp;\u00bb que nous avons r\u00e9alis\u00e9 \u00e0 quel point nous avons tous\u00b7tes \u00e9t\u00e9 colonis\u00e9\u00b7es psychiquement et physiquement par diverses \u00ab&nbsp;empires*&nbsp;\u00bb. M\u00eame dans ce grand pays colonisateur qu\u2019est la France, il y a eu diverses colonisations&nbsp;: destruction de nos langues, privatisation des communs et uniformisation de nos cultures dans tous les sens du terme. Les logiques de colonisation, d\u2019appropriation, d\u2019accaparement, justifi\u00e9es par l\u2019objectif de protection et de d\u00e9veloppement des biens priv\u00e9s et de \u00ab&nbsp;la&nbsp;famille&nbsp;\u00bb &nbsp;pour&nbsp;l\u00e9guer \u00ab&nbsp;aux siens&nbsp;\u00bb, sont toujours \u00e0 l\u2019\u0153uvre dans nos relations et nos imaginaires aliment\u00e9s par la violence d\u2019\u00c9tat. Le g\u00e9nocide \u00e0 Gaza, la loi \u00e9cocide Duplomb et le budget antisocial propos\u00e9 par Fran\u00e7ois Bayrou en sont les derni\u00e8res manifestations&#8230;&nbsp;<\/p>\n\n\n<div class=\"wp-block-image\">\n<figure class=\"aligncenter size-full\"><a href=\"https:\/\/laturbineagraines.net\/wp-content\/uploads\/2025\/09\/396689_316350731735758_100000825022807_860312_2109289471_n.jpg\"><img loading=\"lazy\" decoding=\"async\" width=\"500\" height=\"640\" src=\"https:\/\/laturbineagraines.net\/wp-content\/uploads\/2025\/09\/396689_316350731735758_100000825022807_860312_2109289471_n.jpg\" alt=\"\" class=\"wp-image-2679\" srcset=\"https:\/\/laturbineagraines.net\/wp-content\/uploads\/2025\/09\/396689_316350731735758_100000825022807_860312_2109289471_n.jpg 500w, https:\/\/laturbineagraines.net\/wp-content\/uploads\/2025\/09\/396689_316350731735758_100000825022807_860312_2109289471_n-234x300.jpg 234w\" sizes=\"auto, (max-width: 500px) 100vw, 500px\" \/><\/a><\/figure>\n<\/div>\n\n\n<p>&nbsp; &nbsp; &nbsp; &nbsp;<\/p>\n\n\n\n<p><em>\u00ab&nbsp;C\u2019est par la colonisation mat\u00e9rielle et psychique que nous avons int\u00e9gr\u00e9 des modes de pens\u00e9e binaires et des logiques propri\u00e9taires qui nous autorisent \u00e0 d\u00e9truire le vivant.&nbsp;\u00bb, <\/em>disent nos deux formatrices latino-am\u00e9ricaines d\u2019Otratierra.<\/p>\n\n\n\n<p>La colonialit\u00e9 \u00e9tant l\u2019h\u00e9ritage de ces logiques de propri\u00e9t\u00e9 priv\u00e9es d\u00e9ploy\u00e9es \u00e0 tous les \u00e9tages de nos vies, serait celle qui pousse \u00e0 distinguer l\u2019autre de nous m\u00eame, le d\u00e9nigrer, le diaboliser et par l\u00e0, justifier de pouvoir l\u2019attaquer, l\u2019exploiter, le dominer, le tuer. Avec cette notion de colonialit\u00e9, entendue comme une construction intime, et pas seulement comme un syst\u00e8me ext\u00e9rieur que nous subissons et qu\u2019il s\u2019agit d\u2019affronter, il nous semble qu\u2019un chemin s\u2019ouvre \u00e0 nous&nbsp;: celui de la reconnaissance de nos propres violences et constructions sociales (celles qu&rsquo;on subit ou celles qu&rsquo;on fait subir), en \u00e9vitant les pi\u00e8ges de la culpabilisation, de la diabolisation, du manich\u00e9isme. Un chemin de conscientisation, de d\u00e9colonisation, et de joie militante. Certes, le chemin est encore long, mais nous savons \u00e0 quel point il peut \u00eatre nourrissant et surprenant, et m\u00eame pourquoi pas, beau et joyeux \u00e0 la fois !<\/p>\n\n\n\n<p>Alors, pour d\u00e9coloniser nos corps, nos terres, nos esprits, nous avons invit\u00e9 d\u2019autres \u00e0 nous rejoindre l\u2019an prochain pour partager leur travail, leurs exp\u00e9riences, leurs outils&nbsp;:<\/p>\n\n\n\n<p>D\u00e8s janvier, un collectif&nbsp;f\u00e9ministe de pr\u00e9vention (proche du collectif <a href=\"http:\/\/x4upr.mjt.lu\/lnk\/AWMAAHlAGY4AAc5yKTIAAAGbx2kAAAAALh0AAD0SABCpfQBov8dBvzXKVesRQP6CUs3SJYANxQAQWlQ\/5\/9TSTATT9NKqrx8VhQrMyYg\/aHR0cHM6Ly93d3cuY29sbGVjdGlmbm91c3NvbW1lcy5jb20v\" target=\"_blank\" rel=\"noreferrer noopener\"><u>Nous Sommes<\/u><\/a>) proposera sa premi\u00e8re formation \u00ab&nbsp;Accompagner des personnes ayant commis des violences&nbsp;\u00bb&nbsp;; &nbsp;<a href=\"http:\/\/x4upr.mjt.lu\/lnk\/AWMAAHlAGY4AAc5yKTIAAAGbx2kAAAAALh0AAD0SABCpfQBov8dBvzXKVesRQP6CUs3SJYANxQAQWlQ\/6\/BKYM26atCkC4_Gbf7PUO0A\/aHR0cHM6Ly9vdHJhdGllcnJhLmNvbS5ici8\" target=\"_blank\" rel=\"noreferrer noopener\"><u>Otratierra <\/u><\/a>viendra proposer leurs exp\u00e9riences d\u2019artivisme f\u00e9ministe d\u00e9colonial&nbsp;pour soutenir notamment la col\u00e8re des femmes et de nouveaux imaginaires de la famille ;&nbsp; <a href=\"http:\/\/x4upr.mjt.lu\/lnk\/AWMAAHlAGY4AAc5yKTIAAAGbx2kAAAAALh0AAD0SABCpfQBov8dBvzXKVesRQP6CUs3SJYANxQAQWlQ\/7\/E_AcwFDDHPjs2xqgb011Aw\/aHR0cHM6Ly93d3cubW9kb3Aub3JnLw\" target=\"_blank\" rel=\"noreferrer noopener\"><u>Modus Operandi <\/u><\/a>viendra nous transmettre leur m\u00e9thodologie pour \u00ab&nbsp;La transformation de conflits\u00bb (analyse des violences syst\u00e9miques pour une soci\u00e9t\u00e9 d\u00e9mocratique), enfin une prochaine \u00e9dition de notre formation sur le soin et la strat\u00e9gie dans l\u2019action collective remettra la question de \u00ab&nbsp;la joie militante&nbsp;\u00bb au c\u0153ur de nos luttes, et, comme il s\u2019agit bien de nous mettre au travail nous aussi, la volont\u00e9 de d\u00e9coloniser nos corps sous-tendra en filigrane aussi toutes nos propositions d\u2019atelier-formation 2026&nbsp;: D\u00e9coloniser nos sexualit\u00e9s, nos familles, nos luttes, nos collectifs\u2026&nbsp;<\/p>\n\n\n\n<p><br>Pour nous, participer au mouvement social qui vient, c&rsquo;est contribuer \u00e0 la lutte contre les diff\u00e9rentes formes de colonisations violentes que nous subissons, et celles dont nous b\u00e9n\u00e9ficions ou que nous reproduisons malgr\u00e9 nous.&nbsp;<\/p>\n\n\n\n<p>Et maintenant, \u00e0 nous&nbsp;: <a href=\"http:\/\/x4upr.mjt.lu\/lnk\/AWMAAHlAGY4AAc5yKTIAAAGbx2kAAAAALh0AAD0SABCpfQBov8dBvzXKVesRQP6CUs3SJYANxQAQWlQ\/8\/HJeCgC6gC7wKwFnoviCeOQ\/aHR0cHM6Ly9sZXNzb3VsZXZlbWVudHNkZWxhdGVycmUub3JnL2Jsb2cvMTAtc2VwdGVtYnJlLS10b3V0LWJsb3F1ZXItZXQtYmllbi12aXNlcg\" target=\"_blank\" rel=\"noreferrer noopener\"><u>Tout bloquer, bien viser&nbsp;!<\/u><\/a><\/p>\n\n\n\n<p><em>*Empires&nbsp;: en r\u00e9f\u00e9rence \u00e0 <\/em><a href=\"http:\/\/x4upr.mjt.lu\/lnk\/AWMAAHlAGY4AAc5yKTIAAAGbx2kAAAAALh0AAD0SABCpfQBov8dBvzXKVesRQP6CUs3SJYANxQAQWlQ\/9\/V7UmbpcR2Z6d5u46mB2G4Q\/aHR0cHM6Ly93d3cuZWRpdGlvbnNkdWNvbW11bi5vcmcvcHJvZHVjdHMvam9pZS1taWxpdGFudGUtY2FybGEtYmVyZ21hbi1uaWNrLW1vbnRnb21lcnktdHJhZHVjdGlvbi1qdWxpZXR0ZS1yb3Vzc2VhdQ\" target=\"_blank\" rel=\"noreferrer noopener\"><em><u>Joie militante<\/u><\/em><\/a><em>, le mot \u00ab&nbsp;empire&nbsp;\u00bb d\u00e9signe &nbsp;\u00ab&nbsp;le r\u00e9seau de contr\u00f4le qui exploite et administre le vivant&nbsp;\u00bb, incluant l&rsquo;imbrication des syst\u00e8mes de colonisation de peuplement, du supr\u00e9macisme blanc, d\u2019\u00c9tat, de capitalisme, de validisme, d&rsquo;\u00e2gisme et d\u2019h\u00e9t\u00e9ropatriarcat.<\/em><\/p>\n\n\n\n<figure class=\"wp-block-image size-large\"><a href=\"https:\/\/laturbineagraines.net\/wp-content\/uploads\/2025\/09\/TENIR.jpg\"><img loading=\"lazy\" decoding=\"async\" width=\"1024\" height=\"726\" src=\"https:\/\/laturbineagraines.net\/wp-content\/uploads\/2025\/09\/TENIR-1024x726.jpg\" alt=\"\" class=\"wp-image-2678\" srcset=\"https:\/\/laturbineagraines.net\/wp-content\/uploads\/2025\/09\/TENIR-1024x726.jpg 1024w, https:\/\/laturbineagraines.net\/wp-content\/uploads\/2025\/09\/TENIR-300x213.jpg 300w, https:\/\/laturbineagraines.net\/wp-content\/uploads\/2025\/09\/TENIR-768x545.jpg 768w, https:\/\/laturbineagraines.net\/wp-content\/uploads\/2025\/09\/TENIR-1536x1090.jpg 1536w, https:\/\/laturbineagraines.net\/wp-content\/uploads\/2025\/09\/TENIR-2048x1453.jpg 2048w\" sizes=\"auto, (max-width: 1024px) 100vw, 1024px\" \/><\/a><\/figure>\n\n\n\n<p class=\"has-text-align-right\"><em><em><sub>Illustration Sandra Wieser pour l&rsquo;\u00e9dition \u00ab\u00a0Take a little piece of care\u00a0\u00bb de <a href=\"http:\/\/compagniestrates.org\" target=\"_blank\" rel=\"noreferrer noopener\">compagniestrates.org<\/a><\/sub><\/em><\/em><\/p>\n\n\n\n<p class=\"has-text-align-right\"><\/p>\n\n\n\n<p><\/p>\n\n\n\n<p><\/p>\n","protected":false},"excerpt":{"rendered":"<p>Nos ateliers-formations \u00e0 venir \u00a0 La Transformation de conflits\u00a0 Analyse des violences syst\u00e9miques pour une soci\u00e9t\u00e9 d\u00e9mocratique. Du 15 au 18 juin 2026 \u2013 La Baj\u2019Art \u2013 38100 Grenoble \u2013 hors r\u00e9sidence \u2013 Anim\u00e9 par Modus Operandi Cette formation vise \u00e0 r\u00e9pondre \u00e0 des besoins d&rsquo;analyse syst\u00e9mique et d&rsquo;action. Elle propose des outils conceptuels et &hellip; <a href=\"https:\/\/laturbineagraines.net\/\" class=\"more-link\">Continuer la lecture de <span class=\"screen-reader-text\">LES ACTUS<\/span> <span class=\"meta-nav\">&rarr;<\/span><\/a><\/p>\n","protected":false},"author":3,"featured_media":0,"parent":0,"menu_order":0,"comment_status":"closed","ping_status":"closed","template":"","meta":{"footnotes":"[]"},"class_list":["post-597","page","type-page","status-publish","hentry"],"_links":{"self":[{"href":"https:\/\/laturbineagraines.net\/index.php\/wp-json\/wp\/v2\/pages\/597","targetHints":{"allow":["GET"]}}],"collection":[{"href":"https:\/\/laturbineagraines.net\/index.php\/wp-json\/wp\/v2\/pages"}],"about":[{"href":"https:\/\/laturbineagraines.net\/index.php\/wp-json\/wp\/v2\/types\/page"}],"author":[{"embeddable":true,"href":"https:\/\/laturbineagraines.net\/index.php\/wp-json\/wp\/v2\/users\/3"}],"replies":[{"embeddable":true,"href":"https:\/\/laturbineagraines.net\/index.php\/wp-json\/wp\/v2\/comments?post=597"}],"version-history":[{"count":201,"href":"https:\/\/laturbineagraines.net\/index.php\/wp-json\/wp\/v2\/pages\/597\/revisions"}],"predecessor-version":[{"id":2776,"href":"https:\/\/laturbineagraines.net\/index.php\/wp-json\/wp\/v2\/pages\/597\/revisions\/2776"}],"wp:attachment":[{"href":"https:\/\/laturbineagraines.net\/index.php\/wp-json\/wp\/v2\/media?parent=597"}],"curies":[{"name":"wp","href":"https:\/\/api.w.org\/{rel}","templated":true}]}}