{"id":9,"date":"2015-12-21T14:52:06","date_gmt":"2015-12-21T13:52:06","guid":{"rendered":"http:\/\/laturbineagraines.net\/?page_id=9"},"modified":"2024-05-31T15:44:26","modified_gmt":"2024-05-31T14:44:26","slug":"la-formation-turbine","status":"publish","type":"page","link":"https:\/\/laturbineagraines.net\/index.php\/la-formation-turbine\/","title":{"rendered":"La Formation"},"content":{"rendered":"<p><a href=\"https:\/\/laturbineagraines.net\/index.php\/la-formation-turbine\/calendrier\/\">CLIQUEZ ICI POUR VOIR LE CALENDRIER DES ATELIERS-FORMATIONS<\/a><\/p>\n<h1>La Formation c&rsquo;est quoi pour nous ?<\/h1>\n<p style=\"text-align: justify;\"><strong>Un pas de c\u00f4t\u00e9&nbsp;<\/strong><\/p>\n<p align=\"JUSTIFY\">Se former avec nous c\u2019est d\u00e9j\u00e0 sortir le nez du guidon et faire une pause pour voir les choses autrement.<\/p>\n<p align=\"JUSTIFY\"><strong>Des chemins buissonniers<\/strong><\/p>\n<p align=\"JUSTIFY\">D\u00e9-formation&nbsp;? Parce que se former c\u2019est aussi se faire d\u00e9caler pour sortir des mani\u00e8res de penser dominantes et de nos cadres habituels. Chercher \u00e0 se faire bousculer dans un cadre s\u00e9curisant. Etre bienveillant-e avec soi et le autres, mais sans complaisance, pour se mettre au travail. Vivre une formation engag\u00e9e et engageante en sortant de nos routines et de nos zones de confort.<\/p>\n<p align=\"JUSTIFY\"><strong>Un laboratoire, un atelier<\/strong><\/p>\n<p align=\"JUSTIFY\">On aime cette image de laboratoire parce que pour nous stagiaires et formateur-trices sont comme une communaut\u00e9 de chercheur-es qui cheminent ensemble pour partager des questionnements, faire des hypoth\u00e8ses, tenter d\u2019\u00e9laborer des r\u00e9ponses.&nbsp; On nomme aussi nos formations \u00ab&nbsp;ateliers&nbsp;\u00bb, parce qu\u2019on bricole, on \u00e9chafaude des choses collectivement, pour parfois \u00ab&nbsp;faire des erreurs&nbsp;\u00bb, et pour souvent \u00eatre fier-es de ce que l\u2019on a construit.<\/p>\n<p align=\"JUSTIFY\"><strong>Des chantiers <\/strong><\/p>\n<p align=\"JUSTIFY\">Les chantiers ce sont les situations concr\u00e8tes des participant-es qu\u2019on va mettre au travail pendant le stage pour envisager des pistes de transformations. Les questionnements s\u2019ancrent dans le r\u00e9el et le concret des pratiques. Form\u2019action&nbsp;? Parce que l\u2019intention c\u2019est de sortir renforc\u00e9-es de nos stages, pour oser agir de retour chez soi, dans son association, dans son village.<\/p>\n<p align=\"JUSTIFY\"><strong>Un temps de vie collectif, en r\u00e9sidence<\/strong><\/p>\n<p align=\"JUSTIFY\">Nous avons fait le choix de la r\u00e9sidence pour nos stages car cette parenth\u00e8se offerte dans nos vies renforce la dimension \u00ab&nbsp;pas de c\u00f4t\u00e9&nbsp;\u00bb. Parce que cette vie partag\u00e9e nous donne de la mati\u00e8re pour travailler la question du collectif. Et parce que vivre ensemble le temps d\u2019un stage c\u2019est pouvoir mieux se d\u00e9couvrir en pr\u00e9parant un repas ou en partageant une soir\u00e9e, et c\u2019est stimuler la richesse des \u00e9changes dans les temps informels.<\/p>\n<p align=\"JUSTIFY\"><strong>L\u2019exp\u00e9rience d\u2019un lieu<\/strong><\/p>\n<p align=\"JUSTIFY\">Le choix de nos lieux de stages n\u2019est pas laiss\u00e9 au hasard. L\u2019importance de l\u2019environnement&nbsp;: la plupart des lieux sont nich\u00e9s en pleine nature, et sont propices \u00e0 se ressourcer et prendre du recul. Et il s\u2019agit de lieux vivants, qui pratiquent aussi la transformation sociale, qui \u00e9laborent des exp\u00e9rimentations qui font \u00e9chos \u00e0 nos horizons politiques.<\/p>\n\n\n<h2 class=\"wp-block-heading\">LA TURBINE EN CHIFFRES<\/h2>\n\n\n\n<p><em>Comme l&rsquo;exige la \u00ab\u00a0d\u00e9marche Qualit\u00e9\u00a0\u00bb de la formation professionnelle, voici quelques chiffres de satisfactions pour nos ateliers-formations les derni\u00e8res ann\u00e9es :<\/em><\/p>\n\n\n\n<p><strong>En 2023, La Turbine a port\u00e9 7 formations propos\u00e9es au calendrier, et 12 formations sur mesure : 97% des stagiaires se d\u00e9clarent satisfait\u00b7es, <\/strong>dont 95% des stagiaires des formations sur mesure, et 100% des formations sur catalogue. (<em>chiffres bas\u00e9 sur les donn\u00e9es des \u00e9valuations des stagiaires des formations sur&nbsp;catalogue et sur mesure en 2023)<\/em><\/p>\n\n\n\n<p><strong>En 2022, 100% des stagiaires se&nbsp;d\u00e9clarent&nbsp;satisfait\u00b7e\u00b7s<\/strong>&nbsp;(<em>chiffre bas\u00e9 sur les donn\u00e9es collect\u00e9es manuellement des \u00e9valuations \u00e0 chaud des stagiaires des formations 2022)<\/em><\/p>\n\n\n\n<p>Pour plus d&rsquo;information sur les retours des participant\u00b7es, vous pouvez lire les t\u00e9moignages sensibles de la page \u00ab\u00a0<a href=\"https:\/\/laturbineagraines.net\/index.php\/la-formation-turbine\/partages-dexperiences\/\">Partage d&rsquo;exp\u00e9riences\u00a0\u00bb<\/a><\/p>\n\n\n<p><\/p>\n<p align=\"JUSTIFY\">&nbsp;<\/p>\n<p align=\"JUSTIFY\">Pour aller plus loin, vous pouvez lire :<\/p>\n<p align=\"JUSTIFY\"><a href=\"https:\/\/laturbineagraines.net\/index.php\/nos-principes-dintervention\/\">Nos principes d&rsquo;intervention<\/a><\/p>\n<p align=\"JUSTIFY\"><a href=\"https:\/\/laturbineagraines.net\/index.php\/la-turbine-cest-qui\/\">La Turbine, c&rsquo;est pour qui ?<\/a><\/p>\n<p align=\"JUSTIFY\">A propos des formations :<\/p>\n<p><span style=\"text-decoration: underline;\"><a href=\"https:\/\/laturbineagraines.net\/index.php\/calendrier\/\">Le Calendrier des formations \u00e0 venir<\/a><\/span><\/p>\n<p><span style=\"text-decoration: underline;\"><a href=\"https:\/\/laturbineagraines.net\/index.php\/tarifs-et-financements\/\">Tarifs et financements<\/a><\/span><\/p>\n\n\n<figure class=\"wp-block-image is-resized\"><img loading=\"lazy\" decoding=\"async\" src=\"https:\/\/laturbineagraines.net\/wp-content\/uploads\/2021\/10\/Logo-Qualiopi-150dpi-Avec-Marianne.jpg\" alt=\"\" class=\"wp-image-1402\" width=\"207\" height=\"111\" srcset=\"https:\/\/laturbineagraines.net\/wp-content\/uploads\/2021\/10\/Logo-Qualiopi-150dpi-Avec-Marianne.jpg 317w, https:\/\/laturbineagraines.net\/wp-content\/uploads\/2021\/10\/Logo-Qualiopi-150dpi-Avec-Marianne-300x161.jpg 300w\" sizes=\"auto, (max-width: 207px) 100vw, 207px\" \/><figcaption>La Turbine est Organisme de Formation certifi\u00e9 Qualiopi au titre des actions de formation<\/figcaption><\/figure>\n\n\n\n<p><a href=\"https:\/\/laturbineagraines.net\/wp-content\/uploads\/2024\/05\/Certificat-La_turbine_a_Graines.pdf\">T\u00e9l\u00e9chargez ici le certificat<\/a><\/p>\n","protected":false},"excerpt":{"rendered":"<p>CLIQUEZ ICI POUR VOIR LE CALENDRIER DES ATELIERS-FORMATIONS La Formation c&rsquo;est quoi pour nous ? Un pas de c\u00f4t\u00e9&nbsp; Se former avec nous c\u2019est d\u00e9j\u00e0 sortir le nez du guidon et faire une pause pour voir les choses autrement. Des chemins buissonniers D\u00e9-formation&nbsp;? Parce que se former c\u2019est aussi se faire d\u00e9caler pour sortir des &hellip; <a href=\"https:\/\/laturbineagraines.net\/index.php\/la-formation-turbine\/\" class=\"more-link\">Continuer la lecture de <span class=\"screen-reader-text\">La Formation<\/span> <span class=\"meta-nav\">&rarr;<\/span><\/a><\/p>\n","protected":false},"author":3,"featured_media":0,"parent":0,"menu_order":0,"comment_status":"closed","ping_status":"closed","template":"","meta":{"footnotes":""},"class_list":["post-9","page","type-page","status-publish","hentry"],"_links":{"self":[{"href":"https:\/\/laturbineagraines.net\/index.php\/wp-json\/wp\/v2\/pages\/9","targetHints":{"allow":["GET"]}}],"collection":[{"href":"https:\/\/laturbineagraines.net\/index.php\/wp-json\/wp\/v2\/pages"}],"about":[{"href":"https:\/\/laturbineagraines.net\/index.php\/wp-json\/wp\/v2\/types\/page"}],"author":[{"embeddable":true,"href":"https:\/\/laturbineagraines.net\/index.php\/wp-json\/wp\/v2\/users\/3"}],"replies":[{"embeddable":true,"href":"https:\/\/laturbineagraines.net\/index.php\/wp-json\/wp\/v2\/comments?post=9"}],"version-history":[{"count":37,"href":"https:\/\/laturbineagraines.net\/index.php\/wp-json\/wp\/v2\/pages\/9\/revisions"}],"predecessor-version":[{"id":2405,"href":"https:\/\/laturbineagraines.net\/index.php\/wp-json\/wp\/v2\/pages\/9\/revisions\/2405"}],"wp:attachment":[{"href":"https:\/\/laturbineagraines.net\/index.php\/wp-json\/wp\/v2\/media?parent=9"}],"curies":[{"name":"wp","href":"https:\/\/api.w.org\/{rel}","templated":true}]}}